{"id":257,"date":"2022-06-02T12:31:36","date_gmt":"2022-06-02T10:31:36","guid":{"rendered":"https:\/\/www.anniversaire-genealogie-magazine.editions-christian.com\/?page_id=257"},"modified":"2025-09-07T15:18:16","modified_gmt":"2025-09-07T13:18:16","slug":"bases-de-donnees-gratuites","status":"publish","type":"page","link":"https:\/\/www.boutique.genealogiemagazine.com\/index.php\/bases-de-donnees-gratuites\/","title":{"rendered":"Bases de donn\u00e9es gratuites"},"content":{"rendered":"\n<p><strong>Les bases de donn\u00e9es gratuites de&nbsp;<a href=\"https:\/\/www.anniversaire-genealogie-magazine.editions-christian.com\/\" data-type=\"URL\" data-id=\"https:\/\/www.anniversaire-genealogie-magazine.editions-christian.com\/\">G\u00e9n\u00e9alogie Magazine<\/a><\/strong><\/p><div id=\"anniv-1864114273\" class=\"anniv-contenu anniv-entity-placement\"><script async src=\"\/\/pagead2.googlesyndication.com\/pagead\/js\/adsbygoogle.js?client=ca-pub-8639961027790050\" crossorigin=\"anonymous\"><\/script><ins class=\"adsbygoogle\" style=\"display:block;\" data-ad-client=\"ca-pub-8639961027790050\" \ndata-ad-slot=\"5451536801\" \ndata-ad-format=\"auto\"><\/ins>\n<script> \n(adsbygoogle = window.adsbygoogle || []).push({}); \n<\/script>\n<\/div>\n\n\n\n<p><a href=\"https:\/\/fichier-insee-deces.genealogiemagazine.com\" data-type=\"URL\" data-id=\"https:\/\/fichier-insee-deces.editions-christian.com\">Fichier des d\u00e9c\u00e8s en France<\/a>&nbsp;||&nbsp;<a href=\"http:\/\/naturalisations.genealogiemagazine.com\" data-type=\"URL\" data-id=\"http:\/\/naturalisations.editions-christian.com\/\">Les naturalisations en France<\/a>&nbsp;||&nbsp;<a href=\"http:\/\/archives-militaires.genealogiemagazine.com\" data-type=\"URL\" data-id=\"http:\/\/archives-militaires.editions-christian.com\/\">Archives militaires<\/a><\/p>\n\n\n\n<h1 class=\"wp-block-heading\"><a href=\"https:\/\/www.genealogiemagazine.com\/bases-de-donnees\/\">Recherchez vos anc\u00eatres dans les bases de donn\u00e9es gratuites de G\u00e9n\u00e9alogie Magazine<\/a><\/h1>\n\n\n\n<p><strong>Fichier des d\u00e9c\u00e8s en France<\/strong><\/p>\n\n\n\n<figure class=\"wp-block-image\"><img decoding=\"async\" src=\"https:\/\/blog.genealogiemagazine.com\/wp-content\/uploads\/2020\/01\/insee-1024x345.jpg\" alt=\"\" class=\"wp-image-1074\"\/><\/figure>\n\n\n\n<p>Fichier d\u00e9c\u00e8s (Insee) Ce sont les&nbsp;<strong>d\u00e9c\u00e8s<\/strong>&nbsp;dont l\u2019<strong>Insee<\/strong>&nbsp;a eu connaissance. L\u2019<strong>Insee<\/strong>&nbsp;ne peut garantir que la liste des personnes d\u00e9c\u00e9d\u00e9es soit exempt d\u2019omissions ou d\u2019erreurs. Au total plus de 24 millions de&nbsp;<strong>d\u00e9c\u00e8s<\/strong>. Seuls les individus de plus de 18 ans au moment du&nbsp;<strong>d\u00e9c\u00e8s<\/strong>&nbsp;sont accessibles.<\/p>\n\n\n\n<p><a href=\"https:\/\/fichier-insee-deces.genealogiemagazine.com\" data-type=\"URL\" data-id=\"http:\/\/fichier-insee-deces.editions-christian.com\/\">Fichier des d\u00e9c\u00e8s (INSEE) de 1970 \u00e0 2025 (genealogiemagazine.com)<\/a><\/p>\n\n\n\n<hr class=\"wp-block-separator has-alpha-channel-opacity\"\/>\n\n\n\n<p><strong>Les naturalisations en France de 1915 \u00e0 1950<\/strong><\/p>\n\n\n\n<figure class=\"wp-block-image is-resized\"><img decoding=\"async\" src=\"https:\/\/blog.genealogiemagazine.com\/wp-content\/uploads\/2020\/05\/abramowicz-decret-naturalisation.jpg\" alt=\"\" class=\"wp-image-2475\" style=\"aspect-ratio:1;width:840px;height:auto\"\/><\/figure>\n\n\n\n<p><br>Ce fichier contient les naturalisations, les r\u00e9int\u00e9grations et les admissions de 1915 \u00e0 1950. Il contient aussi la liste des enfants mineurs mentionn\u00e9s dans les actes dont leurs parents ont b\u00e9n\u00e9fici\u00e9s.<\/p>\n\n\n\n<p><a href=\"http:\/\/naturalisations.genealogiemagazine.com\" data-type=\"link\" data-id=\"http:\/\/naturalisations.editions-christian.com\">Les naturalisations en France (genealogiemagazine.com)<\/a><\/p>\n\n\n\n<hr class=\"wp-block-separator has-alpha-channel-opacity\"\/>\n\n\n\n<p><strong>Archives militaires<\/strong><\/p>\n\n\n\n<figure class=\"wp-block-image\"><img decoding=\"async\" src=\"https:\/\/www.genealogiemagazine.com\/images\/Genealogie.jpg\" alt=\"\"\/><\/figure>\n\n\n\n<p>Acc\u00e9dez en une seule recherche \u00e0 plusieurs fonds<br>Vous pouvez d\u00e9sormais interroger en une seule fois l\u2019ensemble des bases nominatives\u2026<\/p>\n\n\n\n<h4 class=\"wp-block-heading\"><a href=\"http:\/\/archives-militaires.editions-christian.com\/sources.php\" data-type=\"URL\" data-id=\"http:\/\/archives-militaires.editions-christian.com\/sources.php\">Voir la liste des Fonds<\/a><\/h4>\n\n\n\n<p><a href=\"http:\/\/archives-militaires.genealogiemagazine.com\/\" data-type=\"URL\" data-id=\"http:\/\/archives-militaires.genealogiemagazine.com\/\">G\u00e9n\u00e9alogie \u2013 Recherchez vos anc\u00eatres | genealogiemagazine.com<\/a><\/p>\n\n\n\n<p><\/p>\n<div id=\"anniv-339991668\" class=\"anniv-apres anniv-entity-placement\"><script async src=\"\/\/pagead2.googlesyndication.com\/pagead\/js\/adsbygoogle.js?client=ca-pub-8639961027790050\" crossorigin=\"anonymous\"><\/script><ins class=\"adsbygoogle\" style=\"display:block;\" data-ad-client=\"ca-pub-8639961027790050\" \ndata-ad-slot=\"5451536801\" \ndata-ad-format=\"auto\"><\/ins>\n<script> \n(adsbygoogle = window.adsbygoogle || []).push({}); \n<\/script>\n<\/div>","protected":false},"excerpt":{"rendered":"<p>Les bases de donn\u00e9es gratuites de&nbsp;G\u00e9n\u00e9alogie Magazine Fichier des d\u00e9c\u00e8s en France&nbsp;||&nbsp;Les naturalisations en France&nbsp;||&nbsp;Archives militaires Recherchez vos anc\u00eatres dans les bases de donn\u00e9es gratuites de G\u00e9n\u00e9alogie Magazine Fichier des d\u00e9c\u00e8s en France Fichier d\u00e9c\u00e8s (Insee) Ce sont les&nbsp;d\u00e9c\u00e8s&nbsp;dont l\u2019Insee&nbsp;a eu connaissance. L\u2019Insee&nbsp;ne peut garantir que la liste des personnes d\u00e9c\u00e9d\u00e9es soit exempt d\u2019omissions ou [&hellip;]<\/p>\n","protected":false},"author":1,"featured_media":0,"parent":0,"menu_order":0,"comment_status":"closed","ping_status":"closed","template":"","meta":{"footnotes":""},"class_list":["post-257","page","type-page","status-publish","hentry"],"_links":{"self":[{"href":"https:\/\/www.boutique.genealogiemagazine.com\/index.php\/wp-json\/wp\/v2\/pages\/257","targetHints":{"allow":["GET"]}}],"collection":[{"href":"https:\/\/www.boutique.genealogiemagazine.com\/index.php\/wp-json\/wp\/v2\/pages"}],"about":[{"href":"https:\/\/www.boutique.genealogiemagazine.com\/index.php\/wp-json\/wp\/v2\/types\/page"}],"author":[{"embeddable":true,"href":"https:\/\/www.boutique.genealogiemagazine.com\/index.php\/wp-json\/wp\/v2\/users\/1"}],"replies":[{"embeddable":true,"href":"https:\/\/www.boutique.genealogiemagazine.com\/index.php\/wp-json\/wp\/v2\/comments?post=257"}],"version-history":[{"count":7,"href":"https:\/\/www.boutique.genealogiemagazine.com\/index.php\/wp-json\/wp\/v2\/pages\/257\/revisions"}],"predecessor-version":[{"id":2122,"href":"https:\/\/www.boutique.genealogiemagazine.com\/index.php\/wp-json\/wp\/v2\/pages\/257\/revisions\/2122"}],"wp:attachment":[{"href":"https:\/\/www.boutique.genealogiemagazine.com\/index.php\/wp-json\/wp\/v2\/media?parent=257"}],"curies":[{"name":"wp","href":"https:\/\/api.w.org\/{rel}","templated":true}]}}