{"id":1245,"date":"2024-05-28T18:13:26","date_gmt":"2024-05-28T16:13:26","guid":{"rendered":"https:\/\/www.boutique.genealogiemagazine.com\/?post_type=product&#038;p=1245"},"modified":"2024-05-28T18:13:35","modified_gmt":"2024-05-28T16:13:35","slug":"genealogie-magazine-n-325-326","status":"publish","type":"product","link":"https:\/\/www.boutique.genealogiemagazine.com\/index.php\/produit\/genealogie-magazine-n-325-326\/","title":{"rendered":"G\u00e9n\u00e9alogie Magazine N\u00b0 325-326"},"content":{"rendered":"<p>Actualit\u00e9s<br \/>\n<strong>Dossier<\/strong><br \/>\nFaire sa g\u00e9n\u00e9alogie gr\u00e2ce \u00e0 Internet<br \/>\nLes sites pour d\u00e9buter et les bases de donn\u00e9es incontournables<br \/>\npar Gilles Pr\u00e9vost<br \/>\n<strong>H\u00e9raldique<\/strong><br \/>\nH\u00e9raldique et football (4)<br \/>\nSC Bastia, AC Ajaccio, OGC Nice-C\u00f4te d\u2019Azur<br \/>\npar Arnaud Bunel<br \/>\n<strong><a href=\"http:\/\/www.lavoute.org\/catalogue\/cataloguegenealogique2013.pdf\">Catalogue de la librairie du G\u00e9n\u00e9alogiste<\/a><\/strong><br \/>\n<strong>Sagas familiales<\/strong><br \/>\nLa Maison Mass\u00e9na Victoire et fid\u00e9lit\u00e9\u2026<br \/>\npar Luc Antonini<br \/>\nLes lectures de\u2026<br \/>\nGilles Henry<br \/>\n<strong>Logiciel<\/strong><br \/>\nAncestro, Family matter, Brothers Keeper, Famizeo.<br \/>\nCr\u00e9ez votre site web !<br \/>\npar Gilles Pr\u00e9vost<br \/>\n<strong>Personnalit\u00e9s<\/strong><br \/>\nJean-Claude Carri\u00e8re Un esprit libre<br \/>\npar Anne-Marie Rouill\u00e9 Gayral<br \/>\n<strong>G\u00e9n\u00e9alogie et histoire<\/strong><br \/>\nFestins de la Renaissance \u00c0 la table des Fran\u00e7ais<br \/>\npar Philippe de Montjouvent<br \/>\nLe magazine des r\u00e9gions et les questions des lecteurs<br \/>\nLes Professionnels<\/p><div id=\"anniv-2669937004\" class=\"anniv-contenu anniv-entity-placement\"><script async src=\"\/\/pagead2.googlesyndication.com\/pagead\/js\/adsbygoogle.js?client=ca-pub-8639961027790050\" crossorigin=\"anonymous\"><\/script><ins class=\"adsbygoogle\" style=\"display:block;\" data-ad-client=\"ca-pub-8639961027790050\" \ndata-ad-slot=\"5451536801\" \ndata-ad-format=\"auto\"><\/ins>\n<script> \n(adsbygoogle = window.adsbygoogle || []).push({}); \n<\/script>\n<\/div>\n<div id=\"anniv-2448946363\" class=\"anniv-apres anniv-entity-placement\"><script async src=\"\/\/pagead2.googlesyndication.com\/pagead\/js\/adsbygoogle.js?client=ca-pub-8639961027790050\" crossorigin=\"anonymous\"><\/script><ins class=\"adsbygoogle\" style=\"display:block;\" data-ad-client=\"ca-pub-8639961027790050\" \ndata-ad-slot=\"5451536801\" \ndata-ad-format=\"auto\"><\/ins>\n<script> \n(adsbygoogle = window.adsbygoogle || []).push({}); \n<\/script>\n<\/div>","protected":false},"excerpt":{"rendered":"<p>Faire sa g\u00e9n\u00e9alogie gr\u00e2ce \u00e0 Internet, Les sites pour d\u00e9buter et les bases de donn\u00e9es incontournables, La Maison Mass\u00e9na Victoire et fid\u00e9lit\u00e9\u2026Jean-Claude Carri\u00e8re Un esprit libre<\/p>\n","protected":false},"featured_media":1275,"comment_status":"open","ping_status":"closed","template":"","meta":[],"product_brand":[],"product_cat":[767],"product_tag":[474,592],"class_list":{"0":"post-1245","1":"product","2":"type-product","3":"status-publish","4":"has-post-thumbnail","6":"product_cat-genealogie-magazine-version-numerique","7":"product_tag-jean-claude-carriere","8":"product_tag-massena","10":"first","11":"instock","12":"downloadable","13":"virtual","14":"purchasable","15":"product-type-simple"},"_links":{"self":[{"href":"https:\/\/www.boutique.genealogiemagazine.com\/index.php\/wp-json\/wp\/v2\/product\/1245","targetHints":{"allow":["GET"]}}],"collection":[{"href":"https:\/\/www.boutique.genealogiemagazine.com\/index.php\/wp-json\/wp\/v2\/product"}],"about":[{"href":"https:\/\/www.boutique.genealogiemagazine.com\/index.php\/wp-json\/wp\/v2\/types\/product"}],"replies":[{"embeddable":true,"href":"https:\/\/www.boutique.genealogiemagazine.com\/index.php\/wp-json\/wp\/v2\/comments?post=1245"}],"wp:featuredmedia":[{"embeddable":true,"href":"https:\/\/www.boutique.genealogiemagazine.com\/index.php\/wp-json\/wp\/v2\/media\/1275"}],"wp:attachment":[{"href":"https:\/\/www.boutique.genealogiemagazine.com\/index.php\/wp-json\/wp\/v2\/media?parent=1245"}],"wp:term":[{"taxonomy":"product_brand","embeddable":true,"href":"https:\/\/www.boutique.genealogiemagazine.com\/index.php\/wp-json\/wp\/v2\/product_brand?post=1245"},{"taxonomy":"product_cat","embeddable":true,"href":"https:\/\/www.boutique.genealogiemagazine.com\/index.php\/wp-json\/wp\/v2\/product_cat?post=1245"},{"taxonomy":"product_tag","embeddable":true,"href":"https:\/\/www.boutique.genealogiemagazine.com\/index.php\/wp-json\/wp\/v2\/product_tag?post=1245"}],"curies":[{"name":"wp","href":"https:\/\/api.w.org\/{rel}","templated":true}]}}