{"id":1250,"date":"2024-05-28T18:13:26","date_gmt":"2024-05-28T16:13:26","guid":{"rendered":"https:\/\/www.boutique.genealogiemagazine.com\/?post_type=product&#038;p=1250"},"modified":"2024-05-28T18:13:39","modified_gmt":"2024-05-28T16:13:39","slug":"genealogie-magazine-n-334","status":"publish","type":"product","link":"https:\/\/www.boutique.genealogiemagazine.com\/produit\/genealogie-magazine-n-334\/","title":{"rendered":"G\u00e9n\u00e9alogie Magazine N\u00b0 334"},"content":{"rendered":"<p>Actualit\u00e9s<\/p><div id=\"anniv-3133001901\" class=\"anniv-contenu anniv-entity-placement\"><script async src=\"\/\/pagead2.googlesyndication.com\/pagead\/js\/adsbygoogle.js?client=ca-pub-8639961027790050\" crossorigin=\"anonymous\"><\/script><ins class=\"adsbygoogle\" style=\"display:block;\" data-ad-client=\"ca-pub-8639961027790050\" \ndata-ad-slot=\"5451536801\" \ndata-ad-format=\"auto\"><\/ins>\n<script> \n(adsbygoogle = window.adsbygoogle || []).push({}); \n<\/script>\n<\/div>\n<p><strong>\u00a0<\/strong><strong>Associations<\/strong><\/p>\n<p>Offre sp\u00e9ciale<\/p>\n<p>par Francis Christian<\/p>\n<p><strong>Dossier<\/strong><\/p>\n<p>Familles et retrouvailles<\/p>\n<p>par Pierre Lasne et Michelle Zemmes-Auclair<\/p>\n<p><strong>Saga<\/strong><\/p>\n<p>Gaumont, les rois de l\u2019image<\/p>\n<p>par Luc Antonini<\/p>\n<p>Les lectures de\u2026 la derni\u00e8re chronique<\/p>\n<p>par Gilles Henry<\/p>\n<p>Catalogue du g\u00e9n\u00e9alogiste 2014<\/p>\n<p>Courrier des lecteurs<\/p>\n<p><strong>Personnalit\u00e9s<\/strong><\/p>\n<p>\u00c9dith Piaf la m\u00f4me de l\u2019acrobate<\/p>\n<p>par Luc Antonini<\/p>\n<p><strong>Internet<\/strong><\/p>\n<p>De la Vend\u00e9e \u00e0 l\u2019alsace nouveaut\u00e9s<\/p>\n<p>par Gilles Pr\u00e9vost<\/p>\n<p><strong>H\u00e9raldique<\/strong><\/p>\n<p>Robert Ier de Parme<\/p>\n<p>Une ascendance armori\u00e9e\u2026<\/p>\n<p>par Arnaud Bunel<\/p>\n<p><strong>Logiciel<\/strong><\/p>\n<p>H\u00e9r\u00e9dis et G\u00e9n\u00e9atique 2014<\/p>\n<p>par Gilles Pr\u00e9vost<\/p>\n<p>Le magazine des r\u00e9gions et les questions des lecteurs<\/p>\n<p>Les Professionnels<\/p>\n<div id=\"anniv-1737508234\" class=\"anniv-apres anniv-entity-placement\"><script async src=\"\/\/pagead2.googlesyndication.com\/pagead\/js\/adsbygoogle.js?client=ca-pub-8639961027790050\" crossorigin=\"anonymous\"><\/script><ins class=\"adsbygoogle\" style=\"display:block;\" data-ad-client=\"ca-pub-8639961027790050\" \ndata-ad-slot=\"5451536801\" \ndata-ad-format=\"auto\"><\/ins>\n<script> \n(adsbygoogle = window.adsbygoogle || []).push({}); \n<\/script>\n<\/div>","protected":false},"excerpt":{"rendered":"<p><strong>Dossier\u00a0<\/strong>Familles et retrouvailles,\u00a0<strong>Saga\u00a0<\/strong>Gaumont, les rois de l\u2019image,\u00a0<strong>Personnalit\u00e9s\u00a0<\/strong>\u00c9dith Piaf la m\u00f4me de l\u2019acrobate<\/p>\n","protected":false},"featured_media":1280,"comment_status":"open","ping_status":"closed","template":"","meta":[],"product_brand":[],"product_cat":[767],"product_tag":[352,600],"class_list":{"0":"post-1250","1":"product","2":"type-product","3":"status-publish","4":"has-post-thumbnail","6":"product_cat-genealogie-magazine-version-numerique","7":"product_tag-edith-piaf","8":"product_tag-gaumont","10":"first","11":"instock","12":"downloadable","13":"virtual","14":"purchasable","15":"product-type-simple"},"_links":{"self":[{"href":"https:\/\/www.boutique.genealogiemagazine.com\/wp-json\/wp\/v2\/product\/1250","targetHints":{"allow":["GET"]}}],"collection":[{"href":"https:\/\/www.boutique.genealogiemagazine.com\/wp-json\/wp\/v2\/product"}],"about":[{"href":"https:\/\/www.boutique.genealogiemagazine.com\/wp-json\/wp\/v2\/types\/product"}],"replies":[{"embeddable":true,"href":"https:\/\/www.boutique.genealogiemagazine.com\/wp-json\/wp\/v2\/comments?post=1250"}],"wp:featuredmedia":[{"embeddable":true,"href":"https:\/\/www.boutique.genealogiemagazine.com\/wp-json\/wp\/v2\/media\/1280"}],"wp:attachment":[{"href":"https:\/\/www.boutique.genealogiemagazine.com\/wp-json\/wp\/v2\/media?parent=1250"}],"wp:term":[{"taxonomy":"product_brand","embeddable":true,"href":"https:\/\/www.boutique.genealogiemagazine.com\/wp-json\/wp\/v2\/product_brand?post=1250"},{"taxonomy":"product_cat","embeddable":true,"href":"https:\/\/www.boutique.genealogiemagazine.com\/wp-json\/wp\/v2\/product_cat?post=1250"},{"taxonomy":"product_tag","embeddable":true,"href":"https:\/\/www.boutique.genealogiemagazine.com\/wp-json\/wp\/v2\/product_tag?post=1250"}],"curies":[{"name":"wp","href":"https:\/\/api.w.org\/{rel}","templated":true}]}}