{"id":1256,"date":"2024-05-28T18:13:27","date_gmt":"2024-05-28T16:13:27","guid":{"rendered":"https:\/\/www.boutique.genealogiemagazine.com\/?post_type=product&#038;p=1256"},"modified":"2024-05-28T18:13:45","modified_gmt":"2024-05-28T16:13:45","slug":"genealogie-magazine-n-342-343-2","status":"publish","type":"product","link":"https:\/\/www.boutique.genealogiemagazine.com\/index.php\/produit\/genealogie-magazine-n-342-343-2\/","title":{"rendered":"G\u00e9n\u00e9alogie Magazine N\u00b0 342-343"},"content":{"rendered":"<p><strong>Actualit\u00e9s<\/strong><br \/>\n<strong>Courrier des lecteurs<\/strong><br \/>\n<strong>Associations<\/strong><br \/>\nEntraide et abonnement<br \/>\n<strong>Dossier Aux sources de vos origines<\/strong><br \/>\nL\u2019ordonnance de Villers-Cotter\u00eats<br \/>\nLes archives de la police<br \/>\n<strong>Logiciel<\/strong><br \/>\nFamily Tree Builder<br \/>\npar Gilles Pr\u00e9vost<br \/>\n<strong>Histoire<\/strong><br \/>\nVivre \u00e0 Paris en 1865<br \/>\npar Philippe de Montjouvent<br \/>\n<strong>Portait d\u2019une entreprise<\/strong><br \/>\nNotreFamille.com<br \/>\nCatalogue du g\u00e9n\u00e9alogiste 2015 2i\u00e8me partie<br \/>\n<strong>Saga<\/strong><br \/>\nLes Bordeau-Chesnel<br \/>\npar Luc Antonini<br \/>\n<strong>Internet<\/strong><br \/>\nSouvenir de la Grande Guerre<br \/>\npar Gilles Pr\u00e9vost<br \/>\n<strong>Association<\/strong><br \/>\nCercle g\u00e9n\u00e9alogique de Picardie<br \/>\n<strong>Personnalit\u00e9s<\/strong><br \/>\nNathalie Baye<br \/>\npar Luc Antonini<br \/>\n<strong>M\u00e9tiers<\/strong><br \/>\nLe Cordonnier<br \/>\npar Patrick Vigneron<br \/>\n<strong>H\u00e9raldique<\/strong><br \/>\nL\u2019ascendance armori\u00e9e de Felipe VI d\u2019Espagne<br \/>\npar Arnaud Bunel<br \/>\n<strong>Feuille du d\u00e9butant<\/strong><br \/>\npar Francis Christian<br \/>\n<strong>Le magazine des r\u00e9gions et les questions des lecteurs<\/strong><br \/>\n<strong>Les Professionnels<\/strong><\/p><div id=\"anniv-1521351131\" class=\"anniv-contenu anniv-entity-placement\"><script async src=\"\/\/pagead2.googlesyndication.com\/pagead\/js\/adsbygoogle.js?client=ca-pub-8639961027790050\" crossorigin=\"anonymous\"><\/script><ins class=\"adsbygoogle\" style=\"display:block;\" data-ad-client=\"ca-pub-8639961027790050\" \ndata-ad-slot=\"5451536801\" \ndata-ad-format=\"auto\"><\/ins>\n<script> \n(adsbygoogle = window.adsbygoogle || []).push({}); \n<\/script>\n<\/div>\n<p>&nbsp;<\/p>\n<div id=\"anniv-4280357687\" class=\"anniv-apres anniv-entity-placement\"><script async src=\"\/\/pagead2.googlesyndication.com\/pagead\/js\/adsbygoogle.js?client=ca-pub-8639961027790050\" crossorigin=\"anonymous\"><\/script><ins class=\"adsbygoogle\" style=\"display:block;\" data-ad-client=\"ca-pub-8639961027790050\" \ndata-ad-slot=\"5451536801\" \ndata-ad-format=\"auto\"><\/ins>\n<script> \n(adsbygoogle = window.adsbygoogle || []).push({}); \n<\/script>\n<\/div>","protected":false},"excerpt":{"rendered":"<p>Dossier Aux sources de vos origines, Les Bordeau-Chesnel, Nathalie Baye, L\u2019ascendance armori\u00e9e de Felipe VI d\u2019Espagne<\/p>\n","protected":false},"featured_media":1286,"comment_status":"open","ping_status":"closed","template":"","meta":[],"product_brand":[],"product_cat":[767],"product_tag":[48,49],"class_list":{"0":"post-1256","1":"product","2":"type-product","3":"status-publish","4":"has-post-thumbnail","6":"product_cat-genealogie-magazine-version-numerique","7":"product_tag-bordeau-chesnel","8":"product_tag-nathalie-baye","10":"first","11":"instock","12":"downloadable","13":"virtual","14":"purchasable","15":"product-type-simple"},"_links":{"self":[{"href":"https:\/\/www.boutique.genealogiemagazine.com\/index.php\/wp-json\/wp\/v2\/product\/1256","targetHints":{"allow":["GET"]}}],"collection":[{"href":"https:\/\/www.boutique.genealogiemagazine.com\/index.php\/wp-json\/wp\/v2\/product"}],"about":[{"href":"https:\/\/www.boutique.genealogiemagazine.com\/index.php\/wp-json\/wp\/v2\/types\/product"}],"replies":[{"embeddable":true,"href":"https:\/\/www.boutique.genealogiemagazine.com\/index.php\/wp-json\/wp\/v2\/comments?post=1256"}],"wp:featuredmedia":[{"embeddable":true,"href":"https:\/\/www.boutique.genealogiemagazine.com\/index.php\/wp-json\/wp\/v2\/media\/1286"}],"wp:attachment":[{"href":"https:\/\/www.boutique.genealogiemagazine.com\/index.php\/wp-json\/wp\/v2\/media?parent=1256"}],"wp:term":[{"taxonomy":"product_brand","embeddable":true,"href":"https:\/\/www.boutique.genealogiemagazine.com\/index.php\/wp-json\/wp\/v2\/product_brand?post=1256"},{"taxonomy":"product_cat","embeddable":true,"href":"https:\/\/www.boutique.genealogiemagazine.com\/index.php\/wp-json\/wp\/v2\/product_cat?post=1256"},{"taxonomy":"product_tag","embeddable":true,"href":"https:\/\/www.boutique.genealogiemagazine.com\/index.php\/wp-json\/wp\/v2\/product_tag?post=1256"}],"curies":[{"name":"wp","href":"https:\/\/api.w.org\/{rel}","templated":true}]}}