{"id":1305,"date":"2024-05-28T18:13:51","date_gmt":"2024-05-28T16:13:51","guid":{"rendered":"https:\/\/www.boutique.genealogiemagazine.com\/?post_type=product&#038;p=1305"},"modified":"2024-05-28T18:14:00","modified_gmt":"2024-05-28T16:14:00","slug":"genealogie-magazine-n-120-octobre-1993","status":"publish","type":"product","link":"https:\/\/www.boutique.genealogiemagazine.com\/produit\/genealogie-magazine-n-120-octobre-1993\/","title":{"rendered":"G\u00e9n\u00e9alogie Magazine n\u00b0 120 \u2013 octobre 1993"},"content":{"rendered":"<p>Vous en ferez un ma\u00eetre d&rsquo;\u00e9cole. Archives notariales et recherches g\u00e9n\u00e9alogiques. Une dynastie de musiciens : les Postolle. Pierre Dac. Le symbolisme des animaux : la licorne. Les AN et le Caran (II). R\u00e9ception de Jacques Postolle.<\/p><div id=\"anniv-3368204905\" class=\"anniv-contenu anniv-entity-placement\"><script async src=\"\/\/pagead2.googlesyndication.com\/pagead\/js\/adsbygoogle.js?client=ca-pub-8639961027790050\" crossorigin=\"anonymous\"><\/script><ins class=\"adsbygoogle\" style=\"display:block;\" data-ad-client=\"ca-pub-8639961027790050\" \ndata-ad-slot=\"5451536801\" \ndata-ad-format=\"auto\"><\/ins>\n<script> \n(adsbygoogle = window.adsbygoogle || []).push({}); \n<\/script>\n<\/div>\n<div id=\"anniv-2340530391\" class=\"anniv-apres anniv-entity-placement\"><script async src=\"\/\/pagead2.googlesyndication.com\/pagead\/js\/adsbygoogle.js?client=ca-pub-8639961027790050\" crossorigin=\"anonymous\"><\/script><ins class=\"adsbygoogle\" style=\"display:block;\" data-ad-client=\"ca-pub-8639961027790050\" \ndata-ad-slot=\"5451536801\" \ndata-ad-format=\"auto\"><\/ins>\n<script> \n(adsbygoogle = window.adsbygoogle || []).push({}); \n<\/script>\n<\/div>","protected":false},"excerpt":{"rendered":"<p>Vous en ferez un ma\u00eetre d&rsquo;\u00e9cole. Archives notariales et recherches g\u00e9n\u00e9alogiques. Une dynastie de musiciens : les Postolle. Pierre Dac. Le symbolisme des animaux : la licorne. Les AN et le Caran (II). R\u00e9ception de Jacques Postolle.<\/p>\n","protected":false},"featured_media":1335,"comment_status":"open","ping_status":"closed","template":"","meta":[],"product_brand":[],"product_cat":[767],"product_tag":[655,656],"class_list":{"0":"post-1305","1":"product","2":"type-product","3":"status-publish","4":"has-post-thumbnail","6":"product_cat-genealogie-magazine-version-numerique","7":"product_tag-pierre-dac","8":"product_tag-postolle","10":"first","11":"instock","12":"downloadable","13":"virtual","14":"purchasable","15":"product-type-simple"},"_links":{"self":[{"href":"https:\/\/www.boutique.genealogiemagazine.com\/wp-json\/wp\/v2\/product\/1305","targetHints":{"allow":["GET"]}}],"collection":[{"href":"https:\/\/www.boutique.genealogiemagazine.com\/wp-json\/wp\/v2\/product"}],"about":[{"href":"https:\/\/www.boutique.genealogiemagazine.com\/wp-json\/wp\/v2\/types\/product"}],"replies":[{"embeddable":true,"href":"https:\/\/www.boutique.genealogiemagazine.com\/wp-json\/wp\/v2\/comments?post=1305"}],"wp:featuredmedia":[{"embeddable":true,"href":"https:\/\/www.boutique.genealogiemagazine.com\/wp-json\/wp\/v2\/media\/1335"}],"wp:attachment":[{"href":"https:\/\/www.boutique.genealogiemagazine.com\/wp-json\/wp\/v2\/media?parent=1305"}],"wp:term":[{"taxonomy":"product_brand","embeddable":true,"href":"https:\/\/www.boutique.genealogiemagazine.com\/wp-json\/wp\/v2\/product_brand?post=1305"},{"taxonomy":"product_cat","embeddable":true,"href":"https:\/\/www.boutique.genealogiemagazine.com\/wp-json\/wp\/v2\/product_cat?post=1305"},{"taxonomy":"product_tag","embeddable":true,"href":"https:\/\/www.boutique.genealogiemagazine.com\/wp-json\/wp\/v2\/product_tag?post=1305"}],"curies":[{"name":"wp","href":"https:\/\/api.w.org\/{rel}","templated":true}]}}