{"id":1598,"date":"2024-06-11T17:39:17","date_gmt":"2024-06-11T15:39:17","guid":{"rendered":"https:\/\/www.boutique.genealogiemagazine.com\/?post_type=product&#038;p=1598"},"modified":"2024-06-13T12:17:37","modified_gmt":"2024-06-13T10:17:37","slug":"genealogie-magazine-n-187-novembre-1999","status":"publish","type":"product","link":"https:\/\/www.boutique.genealogiemagazine.com\/produit\/genealogie-magazine-n-187-novembre-1999\/","title":{"rendered":"G\u00e9n\u00e9alogie Magazine n\u00b0 187 &#8211; novembre 1999"},"content":{"rendered":"<p>Deux ans \u00e0 Verdun. Du papier et des hommes. Le mus\u00e9e historique du Papier, moulin Richard de Bas. Les Necker. \u00c9mile Gall\u00e9. L&rsquo;\u00c9cole de Nancy. Combien valent mes biens ? Rituel judiciaire d&rsquo;une mise en possession. Contre les id\u00e9es re\u00e7ues sur Internet.<\/p><div id=\"anniv-3877878858\" class=\"anniv-contenu anniv-entity-placement\"><script async src=\"\/\/pagead2.googlesyndication.com\/pagead\/js\/adsbygoogle.js?client=ca-pub-8639961027790050\" crossorigin=\"anonymous\"><\/script><ins class=\"adsbygoogle\" style=\"display:block;\" data-ad-client=\"ca-pub-8639961027790050\" \ndata-ad-slot=\"5451536801\" \ndata-ad-format=\"auto\"><\/ins>\n<script> \n(adsbygoogle = window.adsbygoogle || []).push({}); \n<\/script>\n<\/div>\n<div id=\"anniv-2966265450\" class=\"anniv-apres anniv-entity-placement\"><script async src=\"\/\/pagead2.googlesyndication.com\/pagead\/js\/adsbygoogle.js?client=ca-pub-8639961027790050\" crossorigin=\"anonymous\"><\/script><ins class=\"adsbygoogle\" style=\"display:block;\" data-ad-client=\"ca-pub-8639961027790050\" \ndata-ad-slot=\"5451536801\" \ndata-ad-format=\"auto\"><\/ins>\n<script> \n(adsbygoogle = window.adsbygoogle || []).push({}); \n<\/script>\n<\/div>","protected":false},"excerpt":{"rendered":"<p>Deux ans \u00e0 Verdun. Du papier et des hommes. Le mus\u00e9e historique du Papier, moulin Richard de Bas. Les Necker. \u00c9mile Gall\u00e9. L&rsquo;\u00c9cole de Nancy. Combien valent mes biens ? Rituel judiciaire d&rsquo;une mise en possession. Contre les id\u00e9es re\u00e7ues sur Internet.<\/p>\n","protected":false},"featured_media":1617,"comment_status":"open","ping_status":"closed","template":"","meta":[],"product_brand":[],"product_cat":[767],"product_tag":[796],"class_list":{"0":"post-1598","1":"product","2":"type-product","3":"status-publish","4":"has-post-thumbnail","6":"product_cat-genealogie-magazine-version-numerique","7":"product_tag-richard-de-bas","9":"first","10":"instock","11":"downloadable","12":"virtual","13":"purchasable","14":"product-type-simple"},"_links":{"self":[{"href":"https:\/\/www.boutique.genealogiemagazine.com\/wp-json\/wp\/v2\/product\/1598","targetHints":{"allow":["GET"]}}],"collection":[{"href":"https:\/\/www.boutique.genealogiemagazine.com\/wp-json\/wp\/v2\/product"}],"about":[{"href":"https:\/\/www.boutique.genealogiemagazine.com\/wp-json\/wp\/v2\/types\/product"}],"replies":[{"embeddable":true,"href":"https:\/\/www.boutique.genealogiemagazine.com\/wp-json\/wp\/v2\/comments?post=1598"}],"wp:featuredmedia":[{"embeddable":true,"href":"https:\/\/www.boutique.genealogiemagazine.com\/wp-json\/wp\/v2\/media\/1617"}],"wp:attachment":[{"href":"https:\/\/www.boutique.genealogiemagazine.com\/wp-json\/wp\/v2\/media?parent=1598"}],"wp:term":[{"taxonomy":"product_brand","embeddable":true,"href":"https:\/\/www.boutique.genealogiemagazine.com\/wp-json\/wp\/v2\/product_brand?post=1598"},{"taxonomy":"product_cat","embeddable":true,"href":"https:\/\/www.boutique.genealogiemagazine.com\/wp-json\/wp\/v2\/product_cat?post=1598"},{"taxonomy":"product_tag","embeddable":true,"href":"https:\/\/www.boutique.genealogiemagazine.com\/wp-json\/wp\/v2\/product_tag?post=1598"}],"curies":[{"name":"wp","href":"https:\/\/api.w.org\/{rel}","templated":true}]}}