{"id":1643,"date":"2024-06-12T17:16:19","date_gmt":"2024-06-12T15:16:19","guid":{"rendered":"https:\/\/www.boutique.genealogiemagazine.com\/?post_type=product&#038;p=1643"},"modified":"2024-06-13T12:18:46","modified_gmt":"2024-06-13T10:18:46","slug":"genealogie-magazine-n-167-janvier-1998","status":"publish","type":"product","link":"https:\/\/www.boutique.genealogiemagazine.com\/index.php\/produit\/genealogie-magazine-n-167-janvier-1998\/","title":{"rendered":"G\u00e9n\u00e9alogie Magazine n\u00b0 167 &#8211; janvier 1998"},"content":{"rendered":"<p>Campagnes \u00e9lectorales \u00e0 La R\u00e9union. Les Cagots, une minorit\u00e9 d&rsquo;exclus. Une attestation de g\u00e9n\u00e9alogie au XVIIIe si\u00e8cle. Les outils (1 &#8211; La ferme). La Tour d&rsquo;Auvergne. L\u00e9onie Bathiat dite Arletty. De l&rsquo;orthographe des patronymes. Le symbolisme des formes g\u00e9om\u00e9triques (3). Les archives militaires (2). Une page des registres paroissiaux d&rsquo;Angoul\u00eame.<\/p><div id=\"anniv-1220632969\" class=\"anniv-contenu anniv-entity-placement\"><script async src=\"\/\/pagead2.googlesyndication.com\/pagead\/js\/adsbygoogle.js?client=ca-pub-8639961027790050\" crossorigin=\"anonymous\"><\/script><ins class=\"adsbygoogle\" style=\"display:block;\" data-ad-client=\"ca-pub-8639961027790050\" \ndata-ad-slot=\"5451536801\" \ndata-ad-format=\"auto\"><\/ins>\n<script> \n(adsbygoogle = window.adsbygoogle || []).push({}); \n<\/script>\n<\/div>\n<div id=\"anniv-2320261365\" class=\"anniv-apres anniv-entity-placement\"><script async src=\"\/\/pagead2.googlesyndication.com\/pagead\/js\/adsbygoogle.js?client=ca-pub-8639961027790050\" crossorigin=\"anonymous\"><\/script><ins class=\"adsbygoogle\" style=\"display:block;\" data-ad-client=\"ca-pub-8639961027790050\" \ndata-ad-slot=\"5451536801\" \ndata-ad-format=\"auto\"><\/ins>\n<script> \n(adsbygoogle = window.adsbygoogle || []).push({}); \n<\/script>\n<\/div>","protected":false},"excerpt":{"rendered":"<p>Campagnes \u00e9lectorales \u00e0 La R\u00e9union. Les Cagots, une minorit\u00e9 d&rsquo;exclus. Une attestation de g\u00e9n\u00e9alogie au XVIIIe si\u00e8cle. Les outils (1 &#8211; La ferme). La Tour d&rsquo;Auvergne. L\u00e9onie Bathiat dite Arletty. De l&rsquo;orthographe des patronymes. Le symbolisme des formes g\u00e9om\u00e9triques (3). Les archives militaires (2). Une page des registres paroissiaux d&rsquo;Angoul\u00eame.<\/p>\n","protected":false},"featured_media":1674,"comment_status":"open","ping_status":"closed","template":"","meta":[],"product_brand":[],"product_cat":[767],"product_tag":[135,834],"class_list":{"0":"post-1643","1":"product","2":"type-product","3":"status-publish","4":"has-post-thumbnail","6":"product_cat-genealogie-magazine-version-numerique","7":"product_tag-arletty","8":"product_tag-la-tour-dauvergne","10":"first","11":"instock","12":"downloadable","13":"virtual","14":"purchasable","15":"product-type-simple"},"_links":{"self":[{"href":"https:\/\/www.boutique.genealogiemagazine.com\/index.php\/wp-json\/wp\/v2\/product\/1643","targetHints":{"allow":["GET"]}}],"collection":[{"href":"https:\/\/www.boutique.genealogiemagazine.com\/index.php\/wp-json\/wp\/v2\/product"}],"about":[{"href":"https:\/\/www.boutique.genealogiemagazine.com\/index.php\/wp-json\/wp\/v2\/types\/product"}],"replies":[{"embeddable":true,"href":"https:\/\/www.boutique.genealogiemagazine.com\/index.php\/wp-json\/wp\/v2\/comments?post=1643"}],"wp:featuredmedia":[{"embeddable":true,"href":"https:\/\/www.boutique.genealogiemagazine.com\/index.php\/wp-json\/wp\/v2\/media\/1674"}],"wp:attachment":[{"href":"https:\/\/www.boutique.genealogiemagazine.com\/index.php\/wp-json\/wp\/v2\/media?parent=1643"}],"wp:term":[{"taxonomy":"product_brand","embeddable":true,"href":"https:\/\/www.boutique.genealogiemagazine.com\/index.php\/wp-json\/wp\/v2\/product_brand?post=1643"},{"taxonomy":"product_cat","embeddable":true,"href":"https:\/\/www.boutique.genealogiemagazine.com\/index.php\/wp-json\/wp\/v2\/product_cat?post=1643"},{"taxonomy":"product_tag","embeddable":true,"href":"https:\/\/www.boutique.genealogiemagazine.com\/index.php\/wp-json\/wp\/v2\/product_tag?post=1643"}],"curies":[{"name":"wp","href":"https:\/\/api.w.org\/{rel}","templated":true}]}}