{"id":1705,"date":"2024-06-13T11:19:30","date_gmt":"2024-06-13T09:19:30","guid":{"rendered":"https:\/\/www.boutique.genealogiemagazine.com\/?post_type=product&#038;p=1705"},"modified":"2024-06-13T11:44:43","modified_gmt":"2024-06-13T09:44:43","slug":"genealogie-magazine-n-153-octobre-1996","status":"publish","type":"product","link":"https:\/\/www.boutique.genealogiemagazine.com\/produit\/genealogie-magazine-n-153-octobre-1996\/","title":{"rendered":"G\u00e9n\u00e9alogie Magazine n\u00b0 153 &#8211; octobre 1996"},"content":{"rendered":"<p>Savoyard au tournant du si\u00e8cle. Droit et archives. Clovis, un roi sans anc\u00eatre ? Blaise Michel dit Michel Pacha. Une \u00ab\u00a0endogamie\u00a0\u00bb minist\u00e9rielle au XVIIIe si\u00e8cle ? Costumes du Finist\u00e8re. Num\u00e9rotation descendante. Le symbolisme des animaux : l&rsquo;escargot. Vous avez dit \u00ab\u00a0d\u00e9rogeance\u00a0\u00bb&#8230;<\/p><div id=\"anniv-3994590786\" class=\"anniv-contenu anniv-entity-placement\"><script async src=\"\/\/pagead2.googlesyndication.com\/pagead\/js\/adsbygoogle.js?client=ca-pub-8639961027790050\" crossorigin=\"anonymous\"><\/script><ins class=\"adsbygoogle\" style=\"display:block;\" data-ad-client=\"ca-pub-8639961027790050\" \ndata-ad-slot=\"5451536801\" \ndata-ad-format=\"auto\"><\/ins>\n<script> \n(adsbygoogle = window.adsbygoogle || []).push({}); \n<\/script>\n<\/div>\n<div id=\"anniv-1810802221\" class=\"anniv-apres anniv-entity-placement\"><script async src=\"\/\/pagead2.googlesyndication.com\/pagead\/js\/adsbygoogle.js?client=ca-pub-8639961027790050\" crossorigin=\"anonymous\"><\/script><ins class=\"adsbygoogle\" style=\"display:block;\" data-ad-client=\"ca-pub-8639961027790050\" \ndata-ad-slot=\"5451536801\" \ndata-ad-format=\"auto\"><\/ins>\n<script> \n(adsbygoogle = window.adsbygoogle || []).push({}); \n<\/script>\n<\/div>","protected":false},"excerpt":{"rendered":"<p>Savoyard au tournant du si\u00e8cle. Droit et archives. Clovis, un roi sans anc\u00eatre ? Blaise Michel dit Michel Pacha. Une \u00ab\u00a0endogamie\u00a0\u00bb minist\u00e9rielle au XVIIIe si\u00e8cle ? Costumes du Finist\u00e8re. Num\u00e9rotation descendante. Le symbolisme des animaux : l&rsquo;escargot. Vous avez dit \u00ab\u00a0d\u00e9rogeance\u00a0\u00bb&#8230;<\/p>\n","protected":false},"featured_media":1715,"comment_status":"open","ping_status":"closed","template":"","meta":[],"product_brand":[],"product_cat":[767],"product_tag":[857],"class_list":{"0":"post-1705","1":"product","2":"type-product","3":"status-publish","4":"has-post-thumbnail","6":"product_cat-genealogie-magazine-version-numerique","7":"product_tag-michel-pacha","9":"first","10":"instock","11":"downloadable","12":"virtual","13":"purchasable","14":"product-type-simple"},"_links":{"self":[{"href":"https:\/\/www.boutique.genealogiemagazine.com\/wp-json\/wp\/v2\/product\/1705","targetHints":{"allow":["GET"]}}],"collection":[{"href":"https:\/\/www.boutique.genealogiemagazine.com\/wp-json\/wp\/v2\/product"}],"about":[{"href":"https:\/\/www.boutique.genealogiemagazine.com\/wp-json\/wp\/v2\/types\/product"}],"replies":[{"embeddable":true,"href":"https:\/\/www.boutique.genealogiemagazine.com\/wp-json\/wp\/v2\/comments?post=1705"}],"wp:featuredmedia":[{"embeddable":true,"href":"https:\/\/www.boutique.genealogiemagazine.com\/wp-json\/wp\/v2\/media\/1715"}],"wp:attachment":[{"href":"https:\/\/www.boutique.genealogiemagazine.com\/wp-json\/wp\/v2\/media?parent=1705"}],"wp:term":[{"taxonomy":"product_brand","embeddable":true,"href":"https:\/\/www.boutique.genealogiemagazine.com\/wp-json\/wp\/v2\/product_brand?post=1705"},{"taxonomy":"product_cat","embeddable":true,"href":"https:\/\/www.boutique.genealogiemagazine.com\/wp-json\/wp\/v2\/product_cat?post=1705"},{"taxonomy":"product_tag","embeddable":true,"href":"https:\/\/www.boutique.genealogiemagazine.com\/wp-json\/wp\/v2\/product_tag?post=1705"}],"curies":[{"name":"wp","href":"https:\/\/api.w.org\/{rel}","templated":true}]}}