{"id":1937,"date":"2025-01-04T14:43:31","date_gmt":"2025-01-04T13:43:31","guid":{"rendered":"https:\/\/www.boutique.genealogiemagazine.com\/?post_type=product&#038;p=1937"},"modified":"2025-01-04T14:43:32","modified_gmt":"2025-01-04T13:43:32","slug":"genealogie-magazine-hors-serie-n-01-version-numerique","status":"publish","type":"product","link":"https:\/\/www.boutique.genealogiemagazine.com\/index.php\/produit\/genealogie-magazine-hors-serie-n-01-version-numerique\/","title":{"rendered":"G\u00e9n\u00e9alogie-Magazine Hors-s\u00e9rie N\u00b0 01 &#8211; Version Num\u00e9rique"},"content":{"rendered":"<p>Sommaire<\/p><div id=\"anniv-1608424261\" class=\"anniv-contenu anniv-entity-placement\"><script async src=\"\/\/pagead2.googlesyndication.com\/pagead\/js\/adsbygoogle.js?client=ca-pub-8639961027790050\" crossorigin=\"anonymous\"><\/script><ins class=\"adsbygoogle\" style=\"display:block;\" data-ad-client=\"ca-pub-8639961027790050\" \ndata-ad-slot=\"5451536801\" \ndata-ad-format=\"auto\"><\/ins>\n<script> \n(adsbygoogle = window.adsbygoogle || []).push({}); \n<\/script>\n<\/div>\n<p>Personnalit\u00e9s d\u00e9c\u00e9d\u00e9es en 2024<\/p>\n<p>8 Louis Le Pensec<\/p>\n<p>10 Robert Badinter<\/p>\n<p>12 Micheline Presle<\/p>\n<p>14 Anouck Aim\u00e9e<\/p>\n<p>16 Bernard Pivot<\/p>\n<p>20 Marie-France Garaud<\/p>\n<p>22 Henri Nalet<\/p>\n<p>24 Genevi\u00e8ve de Galard<\/p>\n<p>27 Catalogue du G\u00e9n\u00e9alogiste 2025<\/p>\n<p>35 Fran\u00e7oise Hardy<\/p>\n<p>37 Patrice Laffont<\/p>\n<p>40 Alain Delon<\/p>\n<p>43 Elodie Constantin<\/p>\n<p>45 Michel Blanc<\/p>\n<p>48 Pierre Vernier<\/p>\n<p>50 Charles Dumont<\/p>\n<p>53 Andr\u00e9 Lajoinie<\/p>\n<p>55 Ma\u00eft\u00e9<\/p>\n<p>27 Jimmy Carter<\/p>\n<p>par Mathieu Delaunay<\/p>\n<div id=\"anniv-1805335765\" class=\"anniv-apres anniv-entity-placement\"><script async src=\"\/\/pagead2.googlesyndication.com\/pagead\/js\/adsbygoogle.js?client=ca-pub-8639961027790050\" crossorigin=\"anonymous\"><\/script><ins class=\"adsbygoogle\" style=\"display:block;\" data-ad-client=\"ca-pub-8639961027790050\" \ndata-ad-slot=\"5451536801\" \ndata-ad-format=\"auto\"><\/ins>\n<script> \n(adsbygoogle = window.adsbygoogle || []).push({}); \n<\/script>\n<\/div>","protected":false},"excerpt":{"rendered":"<p>G\u00e9n\u00e9alogies des Personnalit\u00e9s d\u00e9c\u00e9d\u00e9es en 2024, Louis Le Pensec, Robert Badinter, Micheline Presle, Anouck Aim\u00e9e, Bernard Pivot, Marie-France Garaud, Henri Nalet, Genevi\u00e8ve de Galard, Fran\u00e7oise Hardy, Patrice Laffont, Alain Delon, Elodie Constantin, Michel Blanc, Pierre Vernier, Charles Dumont, Andr\u00e9 Lajoinie, Ma\u00eft\u00e9, Jimmy Carter.<\/p>\n","protected":false},"featured_media":1938,"comment_status":"open","ping_status":"closed","template":"","meta":[],"product_brand":[],"product_cat":[940],"product_tag":[921,944,942,326,943,924,904,941,903,905,946,762,945,907,922,763,920,923,765],"class_list":{"0":"post-1937","1":"product","2":"type-product","3":"status-publish","4":"has-post-thumbnail","6":"product_cat-hors-serie","7":"product_tag-alain-delon","8":"product_tag-andre-lajoinie","9":"product_tag-anouck-aimee","10":"product_tag-bernard-pivot","11":"product_tag-charles-dumont","12":"product_tag-elodie-constantin","13":"product_tag-francoise-hardy","14":"product_tag-genealogies-des-personnalites-decedees-en-2024","15":"product_tag-genevieve-de-galard","16":"product_tag-henri-nalet","17":"product_tag-jimmy-carter","18":"product_tag-louis-le-pensec","19":"product_tag-maite","20":"product_tag-marie-france-garaud","21":"product_tag-michel-blanc","22":"product_tag-micheline-presle","23":"product_tag-patrice-laffont","24":"product_tag-pierre-vernier","25":"product_tag-robert-badinter","27":"first","28":"instock","29":"downloadable","30":"virtual","31":"purchasable","32":"product-type-simple"},"_links":{"self":[{"href":"https:\/\/www.boutique.genealogiemagazine.com\/index.php\/wp-json\/wp\/v2\/product\/1937","targetHints":{"allow":["GET"]}}],"collection":[{"href":"https:\/\/www.boutique.genealogiemagazine.com\/index.php\/wp-json\/wp\/v2\/product"}],"about":[{"href":"https:\/\/www.boutique.genealogiemagazine.com\/index.php\/wp-json\/wp\/v2\/types\/product"}],"replies":[{"embeddable":true,"href":"https:\/\/www.boutique.genealogiemagazine.com\/index.php\/wp-json\/wp\/v2\/comments?post=1937"}],"wp:featuredmedia":[{"embeddable":true,"href":"https:\/\/www.boutique.genealogiemagazine.com\/index.php\/wp-json\/wp\/v2\/media\/1938"}],"wp:attachment":[{"href":"https:\/\/www.boutique.genealogiemagazine.com\/index.php\/wp-json\/wp\/v2\/media?parent=1937"}],"wp:term":[{"taxonomy":"product_brand","embeddable":true,"href":"https:\/\/www.boutique.genealogiemagazine.com\/index.php\/wp-json\/wp\/v2\/product_brand?post=1937"},{"taxonomy":"product_cat","embeddable":true,"href":"https:\/\/www.boutique.genealogiemagazine.com\/index.php\/wp-json\/wp\/v2\/product_cat?post=1937"},{"taxonomy":"product_tag","embeddable":true,"href":"https:\/\/www.boutique.genealogiemagazine.com\/index.php\/wp-json\/wp\/v2\/product_tag?post=1937"}],"curies":[{"name":"wp","href":"https:\/\/api.w.org\/{rel}","templated":true}]}}