{"id":1980,"date":"2025-02-02T11:31:48","date_gmt":"2025-02-02T10:31:48","guid":{"rendered":"https:\/\/www.boutique.genealogiemagazine.com\/?post_type=product&#038;p=1980"},"modified":"2025-02-02T11:39:21","modified_gmt":"2025-02-02T10:39:21","slug":"genealogie-magazine-n-409-410","status":"publish","type":"product","link":"https:\/\/www.boutique.genealogiemagazine.com\/produit\/genealogie-magazine-n-409-410\/","title":{"rendered":"G\u00e9n\u00e9alogie Magazine N\u00b0 409-410"},"content":{"rendered":"<p>Les logiciels de g\u00e9n\u00e9alogie, Ang\u00e9lique Angarni-Filopon, Charles Dumont, Ma\u00eft\u00e9, Claude All\u00e8gre, Jean-Marie Le Pen, Jean-Luc Petitrenaud, Les Cousins de la Marquise, Jean-Paul Sartre et sa famille, Cousinade entre Christian Lacroix et Christophe Ma\u00e9, Cousinade entre Arielle Dombasle et Bertrand Tavernier, Le site agatha.arch.be des archives de l\u2019\u00c9tat en Belgique, La Famille Lapeyre&#8230;<\/p><div id=\"anniv-1376701514\" class=\"anniv-contenu anniv-entity-placement\"><script async src=\"\/\/pagead2.googlesyndication.com\/pagead\/js\/adsbygoogle.js?client=ca-pub-8639961027790050\" crossorigin=\"anonymous\"><\/script><ins class=\"adsbygoogle\" style=\"display:block;\" data-ad-client=\"ca-pub-8639961027790050\" \ndata-ad-slot=\"5451536801\" \ndata-ad-format=\"auto\"><\/ins>\n<script> \n(adsbygoogle = window.adsbygoogle || []).push({}); \n<\/script>\n<\/div>\n<div id=\"anniv-24548110\" class=\"anniv-apres anniv-entity-placement\"><script async src=\"\/\/pagead2.googlesyndication.com\/pagead\/js\/adsbygoogle.js?client=ca-pub-8639961027790050\" crossorigin=\"anonymous\"><\/script><ins class=\"adsbygoogle\" style=\"display:block;\" data-ad-client=\"ca-pub-8639961027790050\" \ndata-ad-slot=\"5451536801\" \ndata-ad-format=\"auto\"><\/ins>\n<script> \n(adsbygoogle = window.adsbygoogle || []).push({}); \n<\/script>\n<\/div>","protected":false},"excerpt":{"rendered":"<p>Actualit\u00e9s<\/p>\n<p>&nbsp;<\/p>\n<p>Associations<\/p>\n<p>Entraide et abonnement<\/p>\n<p>&nbsp;<\/p>\n<p>Dossier<\/p>\n<p>Les logiciels de g\u00e9n\u00e9alogie<\/p>\n<p>par Pascal Vidal<\/p>\n<p>&nbsp;<\/p>\n<p>Personnalit\u00e9s<\/p>\n<p>Ang\u00e9lique Angarni-Filopon<\/p>\n<p>par Mathieu Delaunay<\/p>\n<p>&nbsp;<\/p>\n<p>Catalogue g\u00e9n\u00e9alogique 2025<\/p>\n<p>Hommage Personnalit\u00e9s<\/p>\n<p>Charles Dumont<\/p>\n<p>Ma\u00eft\u00e9<\/p>\n<p>Claude All\u00e8gre<\/p>\n<p>Jtalogue du G\u00e9n\u00e9alogiste 2025ean-Marie Le Pen<\/p>\n<p>Jean-Luc Petitrenaud<\/p>\n<p>par Mathieu Delaunay<\/p>\n<p>&nbsp;<\/p>\n<p>Les Cousins de la Marquise<\/p>\n<p>Ren\u00e9e Bordereau dit Langevin et Aristide Briand<\/p>\n<p>par l\u2019Association \u00abLes Cousins de la Marquise\u00bb<\/p>\n<p>&nbsp;<\/p>\n<p>Histoire<\/p>\n<p>Jean-Paul Sartre et sa famille<\/p>\n<p>par Philippe Goaillard<\/p>\n<p>&nbsp;<\/p>\n<p>Nous sommes tous cousins<\/p>\n<p>Cousinade entre Christian Lacroix et Christophe Ma\u00e9<\/p>\n<p>Cousinade entre Arielle Dombasle et Bertrand Tavernier<\/p>\n<p>&nbsp;<\/p>\n<p>Internet<\/p>\n<p>Le site agatha.arch.be des archives de l\u2019\u00c9tat en Belgique<\/p>\n<p>par G\u00e9rard Jeance<\/p>\n<p>&nbsp;<\/p>\n<p>Saga<\/p>\n<p>La Famille Lapeyre<\/p>\n<p>par Mathieu Delaunay<\/p>\n<p>&nbsp;<\/p>\n<p>En librairie<\/p>\n","protected":false},"featured_media":1978,"comment_status":"open","ping_status":"closed","template":"","meta":[],"product_brand":[],"product_cat":[42],"product_tag":[958,953,959,943,957,951,952,950,955,956,329,427,945,954],"class_list":{"0":"post-1980","1":"product","2":"type-product","3":"status-publish","4":"has-post-thumbnail","6":"product_cat-genealogie-magazine-version-papier","7":"product_tag-angelique-angarni-filopon","8":"product_tag-aristide-briand","9":"product_tag-catalogue-genealogique-2025","10":"product_tag-charles-dumont","11":"product_tag-claude-allegre","12":"product_tag-cousinade-entre-arielle-dombasle-et-bertrand-tavernier","13":"product_tag-cousinade-entre-christian-lacroix-et-christophe-mae","14":"product_tag-famille-lapeyre","15":"product_tag-jean-luc-petitrenaud","16":"product_tag-jean-marie-le-pen","17":"product_tag-jean-paul-sartre","18":"product_tag-les-logiciels-de-genealogie","19":"product_tag-maite","20":"product_tag-renee-bordereau-dit-langevin","22":"first","23":"instock","24":"shipping-taxable","25":"purchasable","26":"product-type-simple"},"_links":{"self":[{"href":"https:\/\/www.boutique.genealogiemagazine.com\/wp-json\/wp\/v2\/product\/1980","targetHints":{"allow":["GET"]}}],"collection":[{"href":"https:\/\/www.boutique.genealogiemagazine.com\/wp-json\/wp\/v2\/product"}],"about":[{"href":"https:\/\/www.boutique.genealogiemagazine.com\/wp-json\/wp\/v2\/types\/product"}],"replies":[{"embeddable":true,"href":"https:\/\/www.boutique.genealogiemagazine.com\/wp-json\/wp\/v2\/comments?post=1980"}],"wp:featuredmedia":[{"embeddable":true,"href":"https:\/\/www.boutique.genealogiemagazine.com\/wp-json\/wp\/v2\/media\/1978"}],"wp:attachment":[{"href":"https:\/\/www.boutique.genealogiemagazine.com\/wp-json\/wp\/v2\/media?parent=1980"}],"wp:term":[{"taxonomy":"product_brand","embeddable":true,"href":"https:\/\/www.boutique.genealogiemagazine.com\/wp-json\/wp\/v2\/product_brand?post=1980"},{"taxonomy":"product_cat","embeddable":true,"href":"https:\/\/www.boutique.genealogiemagazine.com\/wp-json\/wp\/v2\/product_cat?post=1980"},{"taxonomy":"product_tag","embeddable":true,"href":"https:\/\/www.boutique.genealogiemagazine.com\/wp-json\/wp\/v2\/product_tag?post=1980"}],"curies":[{"name":"wp","href":"https:\/\/api.w.org\/{rel}","templated":true}]}}