{"id":2029,"date":"2025-05-27T17:46:25","date_gmt":"2025-05-27T15:46:25","guid":{"rendered":"https:\/\/www.boutique.genealogiemagazine.com\/?post_type=product&#038;p=2029"},"modified":"2025-05-27T17:48:21","modified_gmt":"2025-05-27T15:48:21","slug":"genealogie-magazine-n-411-412","status":"publish","type":"product","link":"https:\/\/www.boutique.genealogiemagazine.com\/produit\/genealogie-magazine-n-411-412\/","title":{"rendered":"G\u00e9n\u00e9alogie Magazine N\u00b0 411-412"},"content":{"rendered":"<p>Actualit\u00e9s<\/p><div id=\"anniv-1807005875\" class=\"anniv-contenu anniv-entity-placement\"><script async src=\"\/\/pagead2.googlesyndication.com\/pagead\/js\/adsbygoogle.js?client=ca-pub-8639961027790050\" crossorigin=\"anonymous\"><\/script><ins class=\"adsbygoogle\" style=\"display:block;\" data-ad-client=\"ca-pub-8639961027790050\" \ndata-ad-slot=\"5451536801\" \ndata-ad-format=\"auto\"><\/ins>\n<script> \n(adsbygoogle = window.adsbygoogle || []).push({}); \n<\/script>\n<\/div>\n<p>Associations<\/p>\n<p>Entraide et abonnement<\/p>\n<p>Dossier<\/p>\n<p>Histoire et \u00e9volution de l\u2019Etat-civil<\/p>\n<p>par Pascal Vidal<\/p>\n<p>Personnalit\u00e9s<\/p>\n<p>Philippe Katerine<\/p>\n<p>par Mathieu delaunay<\/p>\n<p>Hommage Personnalit\u00e9s<\/p>\n<p>Bertrand Blier<\/p>\n<p>Jean Fran\u00e7ois Kahn<\/p>\n<p>Catalogue du G\u00e9n\u00e9alogiste 2025<\/p>\n<p>Catherine Laborde<\/p>\n<p>Jean-Louis Debr\u00e9<\/p>\n<p>Emilie Dequenne<\/p>\n<p>Le pape Fran\u00e7ois<\/p>\n<p>par Mathieu delaunay<\/p>\n<p>Les Cousins de la Marquise<\/p>\n<p>Victor Hugo et Robert surcouf \u00ab le Tigre des Mers \u00bb<\/p>\n<p>par l\u2019association \u00abLes Cousins de la Marquise\u00bb<\/p>\n<p>Histoire<\/p>\n<p>La contribution de la Normandie au peuplement du Canada<\/p>\n<p>par Marcel Fournier<\/p>\n<p>Nous sommes tous cousins<\/p>\n<p>Cousinade entre Gabriel Attal et Ginette Moulin<\/p>\n<p>Cousinade entre Paul Preboist et David Ginola<\/p>\n<p>Logiciel<\/p>\n<p>Heredis 2025<\/p>\n<p>par Gilles Pr\u00e9vost<\/p>\n<p>Courrier des lecteurs<\/p>\n<p>Saga<\/p>\n<p>La Famille Nicolas<\/p>\n<p>par Mathieu delaunay<\/p>\n<p>en librairie<\/p>\n<div id=\"anniv-2464194582\" class=\"anniv-apres anniv-entity-placement\"><script async src=\"\/\/pagead2.googlesyndication.com\/pagead\/js\/adsbygoogle.js?client=ca-pub-8639961027790050\" crossorigin=\"anonymous\"><\/script><ins class=\"adsbygoogle\" style=\"display:block;\" data-ad-client=\"ca-pub-8639961027790050\" \ndata-ad-slot=\"5451536801\" \ndata-ad-format=\"auto\"><\/ins>\n<script> \n(adsbygoogle = window.adsbygoogle || []).push({}); \n<\/script>\n<\/div>","protected":false},"excerpt":{"rendered":"<p>Dossier Histoire et \u00e9volution de l\u2019Etat-civil, Personnalit\u00e9s Philippe Katerine, Hommage Personnalit\u00e9s Bertrand Blier, Jean Fran\u00e7ois Kahn, Catherine Laborde, Jean-Louis Debr\u00e9, Emilie Dequenne, Le pape Fran\u00e7ois La contribution de la Normandie au peuplement du Canada, Nous sommes tous cousins Cousinade entre Gabriel Attal et Ginette Moulin, Cousinade entre Paul Preboist et David Ginola Logiciel Heredis 2025, etc..<\/p>\n","protected":false},"featured_media":2028,"comment_status":"open","ping_status":"closed","template":"","meta":[],"product_brand":[],"product_cat":[42],"product_tag":[971,973,970,969,975,967,968,978,972,974,976,927,977],"class_list":{"0":"post-2029","1":"product","2":"type-product","3":"status-publish","4":"has-post-thumbnail","6":"product_cat-genealogie-magazine-version-papier","7":"product_tag-bertrand-blier","8":"product_tag-catherine-laborde","9":"product_tag-cousinade-entre-gabriel-attal-et-ginette-moulin","10":"product_tag-cousinade-entre-paul-preboist-et-david-ginola","11":"product_tag-emilie-dequenne","12":"product_tag-famille-nicolas","13":"product_tag-heredis-2025","14":"product_tag-histoire-et-evolution-de-letat-civil","15":"product_tag-jean-francois-kahn","16":"product_tag-jean-louis-debre","17":"product_tag-le-pape-francois","18":"product_tag-les-cousins-de-la-marquise","19":"product_tag-philippe-katerine","21":"first","22":"instock","23":"shipping-taxable","24":"purchasable","25":"product-type-simple"},"_links":{"self":[{"href":"https:\/\/www.boutique.genealogiemagazine.com\/wp-json\/wp\/v2\/product\/2029","targetHints":{"allow":["GET"]}}],"collection":[{"href":"https:\/\/www.boutique.genealogiemagazine.com\/wp-json\/wp\/v2\/product"}],"about":[{"href":"https:\/\/www.boutique.genealogiemagazine.com\/wp-json\/wp\/v2\/types\/product"}],"replies":[{"embeddable":true,"href":"https:\/\/www.boutique.genealogiemagazine.com\/wp-json\/wp\/v2\/comments?post=2029"}],"wp:featuredmedia":[{"embeddable":true,"href":"https:\/\/www.boutique.genealogiemagazine.com\/wp-json\/wp\/v2\/media\/2028"}],"wp:attachment":[{"href":"https:\/\/www.boutique.genealogiemagazine.com\/wp-json\/wp\/v2\/media?parent=2029"}],"wp:term":[{"taxonomy":"product_brand","embeddable":true,"href":"https:\/\/www.boutique.genealogiemagazine.com\/wp-json\/wp\/v2\/product_brand?post=2029"},{"taxonomy":"product_cat","embeddable":true,"href":"https:\/\/www.boutique.genealogiemagazine.com\/wp-json\/wp\/v2\/product_cat?post=2029"},{"taxonomy":"product_tag","embeddable":true,"href":"https:\/\/www.boutique.genealogiemagazine.com\/wp-json\/wp\/v2\/product_tag?post=2029"}],"curies":[{"name":"wp","href":"https:\/\/api.w.org\/{rel}","templated":true}]}}