{"id":2159,"date":"2025-10-01T16:48:10","date_gmt":"2025-10-01T14:48:10","guid":{"rendered":"https:\/\/www.boutique.genealogiemagazine.com\/?post_type=product&#038;p=2159"},"modified":"2025-11-23T17:47:10","modified_gmt":"2025-11-23T16:47:10","slug":"parcours-complet","status":"publish","type":"product","link":"https:\/\/www.boutique.genealogiemagazine.com\/index.php\/produit\/parcours-complet\/","title":{"rendered":"Parcours complet"},"content":{"rendered":"<p>Rengagement en 1943 dans les Chantiers de jeunesse et la participation aux derniers combats de la guerre, m\u00e8nent l&rsquo;auteur \u00e0 une carri\u00e8re militaire : \u00c9cole sp\u00e9ciale militaire de Co\u00ebtquidan, la L\u00e9gion en Indochine (Dien Bien Phu et la captivit\u00e9), les paras en Alg\u00e9rie, puis les chasseurs alpins et, pour finir, le Prytan\u00e9e militaire. Mais ce \u00ab parcours complet \u00bb n&rsquo;est pas le r\u00e9cit des combats d&rsquo;un \u00ab baroudeur \u00bb, c&rsquo;est le t\u00e9moignage d&rsquo;un homme de conviction pour qui l&rsquo;action \u00e9tait d&rsquo;abord pens\u00e9e.<\/p><div id=\"anniv-2787884761\" class=\"anniv-contenu anniv-entity-placement\"><script async src=\"\/\/pagead2.googlesyndication.com\/pagead\/js\/adsbygoogle.js?client=ca-pub-8639961027790050\" crossorigin=\"anonymous\"><\/script><ins class=\"adsbygoogle\" style=\"display:block;\" data-ad-client=\"ca-pub-8639961027790050\" \ndata-ad-slot=\"5451536801\" \ndata-ad-format=\"auto\"><\/ins>\n<script> \n(adsbygoogle = window.adsbygoogle || []).push({}); \n<\/script>\n<\/div>\n<div id=\"anniv-4051409308\" class=\"anniv-apres anniv-entity-placement\"><script async src=\"\/\/pagead2.googlesyndication.com\/pagead\/js\/adsbygoogle.js?client=ca-pub-8639961027790050\" crossorigin=\"anonymous\"><\/script><ins class=\"adsbygoogle\" style=\"display:block;\" data-ad-client=\"ca-pub-8639961027790050\" \ndata-ad-slot=\"5451536801\" \ndata-ad-format=\"auto\"><\/ins>\n<script> \n(adsbygoogle = window.adsbygoogle || []).push({}); \n<\/script>\n<\/div>","protected":false},"excerpt":{"rendered":"<p>Rengagement en 1943 dans les Chantiers de jeunesse et la participation aux derniers combats de la guerre, m\u00e8nent l&rsquo;auteur \u00e0 une carri\u00e8re militaire : \u00c9cole sp\u00e9ciale militaire de Co\u00ebtquidan, la L\u00e9gion en Indochine (Dien Bien Phu et la captivit\u00e9), les paras en Alg\u00e9rie, puis les chasseurs alpins et, pour finir, le Prytan\u00e9e militaire. Mais ce \u00ab parcours complet \u00bb n&rsquo;est pas le r\u00e9cit des combats d&rsquo;un \u00ab baroudeur \u00bb, c&rsquo;est le t\u00e9moignage d&rsquo;un homme de conviction pour qui l&rsquo;action \u00e9tait d&rsquo;abord pens\u00e9e.<\/p>\n","protected":false},"featured_media":2160,"comment_status":"open","ping_status":"closed","template":"","meta":[],"product_brand":[],"product_cat":[771],"product_tag":[1014],"class_list":{"0":"post-2159","1":"product","2":"type-product","3":"status-publish","4":"has-post-thumbnail","6":"product_cat-promotions","7":"product_tag-parcours-complet","9":"first","10":"instock","11":"sale","12":"shipping-taxable","13":"purchasable","14":"product-type-simple"},"_links":{"self":[{"href":"https:\/\/www.boutique.genealogiemagazine.com\/index.php\/wp-json\/wp\/v2\/product\/2159","targetHints":{"allow":["GET"]}}],"collection":[{"href":"https:\/\/www.boutique.genealogiemagazine.com\/index.php\/wp-json\/wp\/v2\/product"}],"about":[{"href":"https:\/\/www.boutique.genealogiemagazine.com\/index.php\/wp-json\/wp\/v2\/types\/product"}],"replies":[{"embeddable":true,"href":"https:\/\/www.boutique.genealogiemagazine.com\/index.php\/wp-json\/wp\/v2\/comments?post=2159"}],"wp:featuredmedia":[{"embeddable":true,"href":"https:\/\/www.boutique.genealogiemagazine.com\/index.php\/wp-json\/wp\/v2\/media\/2160"}],"wp:attachment":[{"href":"https:\/\/www.boutique.genealogiemagazine.com\/index.php\/wp-json\/wp\/v2\/media?parent=2159"}],"wp:term":[{"taxonomy":"product_brand","embeddable":true,"href":"https:\/\/www.boutique.genealogiemagazine.com\/index.php\/wp-json\/wp\/v2\/product_brand?post=2159"},{"taxonomy":"product_cat","embeddable":true,"href":"https:\/\/www.boutique.genealogiemagazine.com\/index.php\/wp-json\/wp\/v2\/product_cat?post=2159"},{"taxonomy":"product_tag","embeddable":true,"href":"https:\/\/www.boutique.genealogiemagazine.com\/index.php\/wp-json\/wp\/v2\/product_tag?post=2159"}],"curies":[{"name":"wp","href":"https:\/\/api.w.org\/{rel}","templated":true}]}}