{"id":2161,"date":"2025-10-01T16:55:05","date_gmt":"2025-10-01T14:55:05","guid":{"rendered":"https:\/\/www.boutique.genealogiemagazine.com\/?post_type=product&#038;p=2161"},"modified":"2025-11-23T17:45:16","modified_gmt":"2025-11-23T16:45:16","slug":"les-ancetres-de-napoleon-iii","status":"publish","type":"product","link":"https:\/\/www.boutique.genealogiemagazine.com\/index.php\/produit\/les-ancetres-de-napoleon-iii\/","title":{"rendered":"Les anc\u00eatres de Napol\u00e9on III"},"content":{"rendered":"<p style=\"margin: 7px; padding: 0px; border: 0px; font-size: 12px; line-height: normal; font-family: Arial; vertical-align: baseline; background: transparent;\">Fils de Louis Bonaparte, fr\u00e8re de Napol\u00e9on 1\u00b0 et d&rsquo;Hortense de Beauharnais, fille de l&rsquo;Imp\u00e9ratrice Jos\u00e9phine, Louis Napol\u00e9on Bonaparte (1808.1873) est pr\u00e9sident de la R\u00e9publique en 1848 puis Empereur des Fran\u00e7ais du 2 d\u00e9cembre 1852 jusqu&rsquo;en 1871.<\/p><div id=\"anniv-2916145165\" class=\"anniv-contenu anniv-entity-placement\"><script async src=\"\/\/pagead2.googlesyndication.com\/pagead\/js\/adsbygoogle.js?client=ca-pub-8639961027790050\" crossorigin=\"anonymous\"><\/script><ins class=\"adsbygoogle\" style=\"display:block;\" data-ad-client=\"ca-pub-8639961027790050\" \ndata-ad-slot=\"5451536801\" \ndata-ad-format=\"auto\"><\/ins>\n<script> \n(adsbygoogle = window.adsbygoogle || []).push({}); \n<\/script>\n<\/div>\n<p style=\"margin: 7px; padding: 0px; border: 0px; font-size: 12px; line-height: normal; font-family: Arial; vertical-align: baseline; background: transparent;\">Contrairement aux autres souverains de son \u00e9poque , il ne descend pas de toutes les familles royales et princi\u00e8res d&rsquo;Europe. Son ascendance , \u00e9tudi\u00e9e ici sur dix g\u00e9n\u00e9rations, comprend de nombreuses familles nobles et bourgeoises que l&rsquo;on ne rencontre pas habituellement dans ce type d&rsquo;\u00e9tude.<\/p>\n<div id=\"anniv-326844700\" class=\"anniv-apres anniv-entity-placement\"><script async src=\"\/\/pagead2.googlesyndication.com\/pagead\/js\/adsbygoogle.js?client=ca-pub-8639961027790050\" crossorigin=\"anonymous\"><\/script><ins class=\"adsbygoogle\" style=\"display:block;\" data-ad-client=\"ca-pub-8639961027790050\" \ndata-ad-slot=\"5451536801\" \ndata-ad-format=\"auto\"><\/ins>\n<script> \n(adsbygoogle = window.adsbygoogle || []).push({}); \n<\/script>\n<\/div>","protected":false},"excerpt":{"rendered":"<p style=\"margin: 7px; padding: 0px; border: 0px; font-size: 12px; line-height: normal; font-family: Arial; vertical-align: baseline; background: transparent;\">Fils de Louis Bonaparte, fr\u00e8re de Napol\u00e9on 1\u00b0 et d&rsquo;Hortense de Beauharnais, fille de l&rsquo;Imp\u00e9ratrice Jos\u00e9phine, Louis Napol\u00e9on Bonaparte (1808.1873) est pr\u00e9sident de la R\u00e9publique en 1848 puis Empereur des Fran\u00e7ais du 2 d\u00e9cembre 1852 jusqu&rsquo;en 1871.<\/p>\n<p style=\"margin: 7px; padding: 0px; border: 0px; font-size: 12px; line-height: normal; font-family: Arial; vertical-align: baseline; background: transparent;\">Contrairement aux autres souverains de son \u00e9poque , il ne descend pas de toutes les familles royales et princi\u00e8res d&rsquo;Europe. Son ascendance , \u00e9tudi\u00e9e ici sur dix g\u00e9n\u00e9rations, comprend de nombreuses familles nobles et bourgeoises que l&rsquo;on ne rencontre pas habituellement dans ce type d&rsquo;\u00e9tude.<\/p>\n","protected":false},"featured_media":2162,"comment_status":"open","ping_status":"closed","template":"","meta":[],"product_brand":[],"product_cat":[771],"product_tag":[486],"class_list":{"0":"post-2161","1":"product","2":"type-product","3":"status-publish","4":"has-post-thumbnail","6":"product_cat-promotions","7":"product_tag-napoleon-iii","9":"first","10":"instock","11":"sale","12":"shipping-taxable","13":"purchasable","14":"product-type-simple"},"_links":{"self":[{"href":"https:\/\/www.boutique.genealogiemagazine.com\/index.php\/wp-json\/wp\/v2\/product\/2161","targetHints":{"allow":["GET"]}}],"collection":[{"href":"https:\/\/www.boutique.genealogiemagazine.com\/index.php\/wp-json\/wp\/v2\/product"}],"about":[{"href":"https:\/\/www.boutique.genealogiemagazine.com\/index.php\/wp-json\/wp\/v2\/types\/product"}],"replies":[{"embeddable":true,"href":"https:\/\/www.boutique.genealogiemagazine.com\/index.php\/wp-json\/wp\/v2\/comments?post=2161"}],"wp:featuredmedia":[{"embeddable":true,"href":"https:\/\/www.boutique.genealogiemagazine.com\/index.php\/wp-json\/wp\/v2\/media\/2162"}],"wp:attachment":[{"href":"https:\/\/www.boutique.genealogiemagazine.com\/index.php\/wp-json\/wp\/v2\/media?parent=2161"}],"wp:term":[{"taxonomy":"product_brand","embeddable":true,"href":"https:\/\/www.boutique.genealogiemagazine.com\/index.php\/wp-json\/wp\/v2\/product_brand?post=2161"},{"taxonomy":"product_cat","embeddable":true,"href":"https:\/\/www.boutique.genealogiemagazine.com\/index.php\/wp-json\/wp\/v2\/product_cat?post=2161"},{"taxonomy":"product_tag","embeddable":true,"href":"https:\/\/www.boutique.genealogiemagazine.com\/index.php\/wp-json\/wp\/v2\/product_tag?post=2161"}],"curies":[{"name":"wp","href":"https:\/\/api.w.org\/{rel}","templated":true}]}}