{"id":220,"date":"2022-06-01T11:24:21","date_gmt":"2022-06-01T09:24:21","guid":{"rendered":"http:\/\/www.anniversaire-genealogie-magazine.editions-christian.com\/?post_type=product&#038;p=220"},"modified":"2025-11-05T20:40:24","modified_gmt":"2025-11-05T19:40:24","slug":"la-descendance-de-charles-x-roi-de-france-1ere-edition-1997","status":"publish","type":"product","link":"https:\/\/www.boutique.genealogiemagazine.com\/produit\/la-descendance-de-charles-x-roi-de-france-1ere-edition-1997\/","title":{"rendered":"La descendance de Charles X Roi de France 1\u00e8re \u00e9dition 1997"},"content":{"rendered":"<p>Charles X, le dernier des rois de France, a une tr\u00e8s nombreuse post\u00e9rit\u00e9 issue de son fils, le duc de Berry, qui eut d&rsquo;abord deux filles d&rsquo;une liaison avec une anglaise, Amy Brown, puis une autre fille, mari\u00e9e au duc de Parme, et le comte Chambord de son mariage avec Marie-Caroline de Bourbon-Siciles. De nombreuses notes historiques et biographiques compl\u00e8tent cette g\u00e9n\u00e9alogie qui r\u00e9unit, aux c\u00f4t\u00e9s d&rsquo;une partie du Gotha europ\u00e9en, l&rsquo;\u00e9pouse d&rsquo;un pr\u00e9sident de la R\u00e9publique, plusieurs ministres, et m\u00eame la descendance tahitienne d&rsquo;un prince allemand ! Un bel exemple de recherche descendante.<\/p><div id=\"anniv-2423796311\" class=\"anniv-contenu anniv-entity-placement\"><script async src=\"\/\/pagead2.googlesyndication.com\/pagead\/js\/adsbygoogle.js?client=ca-pub-8639961027790050\" crossorigin=\"anonymous\"><\/script><ins class=\"adsbygoogle\" style=\"display:block;\" data-ad-client=\"ca-pub-8639961027790050\" \ndata-ad-slot=\"5451536801\" \ndata-ad-format=\"auto\"><\/ins>\n<script> \n(adsbygoogle = window.adsbygoogle || []).push({}); \n<\/script>\n<\/div>\n<div id=\"anniv-2378235239\" class=\"anniv-apres anniv-entity-placement\"><script async src=\"\/\/pagead2.googlesyndication.com\/pagead\/js\/adsbygoogle.js?client=ca-pub-8639961027790050\" crossorigin=\"anonymous\"><\/script><ins class=\"adsbygoogle\" style=\"display:block;\" data-ad-client=\"ca-pub-8639961027790050\" \ndata-ad-slot=\"5451536801\" \ndata-ad-format=\"auto\"><\/ins>\n<script> \n(adsbygoogle = window.adsbygoogle || []).push({}); \n<\/script>\n<\/div>","protected":false},"excerpt":{"rendered":"<p>Charles X, le dernier des rois de France, a une tr\u00e8s nombreuse post\u00e9rit\u00e9 issue de son fils, le duc de Berry, qui eut d&rsquo;abord deux filles d&rsquo;une liaison avec une anglaise, Amy Brown, puis une autre fille, mari\u00e9e au duc de Parme, et le comte Chambord de son mariage avec Marie-Caroline de Bourbon-Siciles. De nombreuses notes historiques et biographiques compl\u00e8tent cette g\u00e9n\u00e9alogie qui r\u00e9unit, aux c\u00f4t\u00e9s d&rsquo;une partie du Gotha europ\u00e9en, l&rsquo;\u00e9pouse d&rsquo;un pr\u00e9sident de la R\u00e9publique, plusieurs ministres, et m\u00eame la descendance tahitienne d&rsquo;un prince allemand ! Un bel exemple de recherche descendante.<\/p>\n","protected":false},"featured_media":221,"comment_status":"open","ping_status":"closed","template":"","meta":[],"product_brand":[],"product_cat":[771],"product_tag":[33,112],"class_list":{"0":"post-220","1":"product","2":"type-product","3":"status-publish","4":"has-post-thumbnail","6":"product_cat-promotions","7":"product_tag-charles-x","8":"product_tag-daniel-manach","10":"first","11":"instock","12":"sale","13":"shipping-taxable","14":"purchasable","15":"product-type-simple"},"_links":{"self":[{"href":"https:\/\/www.boutique.genealogiemagazine.com\/wp-json\/wp\/v2\/product\/220","targetHints":{"allow":["GET"]}}],"collection":[{"href":"https:\/\/www.boutique.genealogiemagazine.com\/wp-json\/wp\/v2\/product"}],"about":[{"href":"https:\/\/www.boutique.genealogiemagazine.com\/wp-json\/wp\/v2\/types\/product"}],"replies":[{"embeddable":true,"href":"https:\/\/www.boutique.genealogiemagazine.com\/wp-json\/wp\/v2\/comments?post=220"}],"wp:featuredmedia":[{"embeddable":true,"href":"https:\/\/www.boutique.genealogiemagazine.com\/wp-json\/wp\/v2\/media\/221"}],"wp:attachment":[{"href":"https:\/\/www.boutique.genealogiemagazine.com\/wp-json\/wp\/v2\/media?parent=220"}],"wp:term":[{"taxonomy":"product_brand","embeddable":true,"href":"https:\/\/www.boutique.genealogiemagazine.com\/wp-json\/wp\/v2\/product_brand?post=220"},{"taxonomy":"product_cat","embeddable":true,"href":"https:\/\/www.boutique.genealogiemagazine.com\/wp-json\/wp\/v2\/product_cat?post=220"},{"taxonomy":"product_tag","embeddable":true,"href":"https:\/\/www.boutique.genealogiemagazine.com\/wp-json\/wp\/v2\/product_tag?post=220"}],"curies":[{"name":"wp","href":"https:\/\/api.w.org\/{rel}","templated":true}]}}