{"id":2275,"date":"2025-11-23T17:50:17","date_gmt":"2025-11-23T16:50:17","guid":{"rendered":"https:\/\/www.boutique.genealogiemagazine.com\/?post_type=product&#038;p=2275"},"modified":"2025-11-23T17:50:17","modified_gmt":"2025-11-23T16:50:17","slug":"lecole-republicaine-1870-1940","status":"publish","type":"product","link":"https:\/\/www.boutique.genealogiemagazine.com\/index.php\/produit\/lecole-republicaine-1870-1940\/","title":{"rendered":"L&rsquo;\u00e9cole r\u00e9publicaine 1870-1940"},"content":{"rendered":"<p>Voici un v\u00e9ritable essai sur l&rsquo;\u00e9cole r\u00e9publicaine, synonyme de patrie, de d\u00e9mocratie et \u00e9cole du langage pour le peuple. Dans une langue d&rsquo;une sobre \u00e9l\u00e9gance, l&rsquo;auteur retrace la destin\u00e9e de l&rsquo;entreprise scolaire de la Troisi\u00e8me R\u00e9publique &#8211; celle qui a form\u00e9 nos parents et nos grands- parents.<\/p><div id=\"anniv-4050458665\" class=\"anniv-contenu anniv-entity-placement\"><script async src=\"\/\/pagead2.googlesyndication.com\/pagead\/js\/adsbygoogle.js?client=ca-pub-8639961027790050\" crossorigin=\"anonymous\"><\/script><ins class=\"adsbygoogle\" style=\"display:block;\" data-ad-client=\"ca-pub-8639961027790050\" \ndata-ad-slot=\"5451536801\" \ndata-ad-format=\"auto\"><\/ins>\n<script> \n(adsbygoogle = window.adsbygoogle || []).push({}); \n<\/script>\n<\/div>\n<div id=\"anniv-3306553438\" class=\"anniv-apres anniv-entity-placement\"><script async src=\"\/\/pagead2.googlesyndication.com\/pagead\/js\/adsbygoogle.js?client=ca-pub-8639961027790050\" crossorigin=\"anonymous\"><\/script><ins class=\"adsbygoogle\" style=\"display:block;\" data-ad-client=\"ca-pub-8639961027790050\" \ndata-ad-slot=\"5451536801\" \ndata-ad-format=\"auto\"><\/ins>\n<script> \n(adsbygoogle = window.adsbygoogle || []).push({}); \n<\/script>\n<\/div>","protected":false},"excerpt":{"rendered":"<p>Voici un v\u00e9ritable essai sur l&rsquo;\u00e9cole r\u00e9publicaine, synonyme de patrie, de d\u00e9mocratie et \u00e9cole du langage pour le peuple. Dans une langue d&rsquo;une sobre \u00e9l\u00e9gance, l&rsquo;auteur retrace la destin\u00e9e de l&rsquo;entreprise scolaire de la Troisi\u00e8me R\u00e9publique &#8211; celle qui a form\u00e9 nos parents et nos grands- parents.<\/p>\n","protected":false},"featured_media":0,"comment_status":"open","ping_status":"closed","template":"","meta":[],"product_brand":[],"product_cat":[771],"product_tag":[1049],"class_list":{"0":"post-2275","1":"product","2":"type-product","3":"status-publish","5":"product_cat-promotions","6":"product_tag-lecole-republicaine","8":"first","9":"instock","10":"sale","11":"shipping-taxable","12":"purchasable","13":"product-type-simple"},"_links":{"self":[{"href":"https:\/\/www.boutique.genealogiemagazine.com\/index.php\/wp-json\/wp\/v2\/product\/2275","targetHints":{"allow":["GET"]}}],"collection":[{"href":"https:\/\/www.boutique.genealogiemagazine.com\/index.php\/wp-json\/wp\/v2\/product"}],"about":[{"href":"https:\/\/www.boutique.genealogiemagazine.com\/index.php\/wp-json\/wp\/v2\/types\/product"}],"replies":[{"embeddable":true,"href":"https:\/\/www.boutique.genealogiemagazine.com\/index.php\/wp-json\/wp\/v2\/comments?post=2275"}],"wp:attachment":[{"href":"https:\/\/www.boutique.genealogiemagazine.com\/index.php\/wp-json\/wp\/v2\/media?parent=2275"}],"wp:term":[{"taxonomy":"product_brand","embeddable":true,"href":"https:\/\/www.boutique.genealogiemagazine.com\/index.php\/wp-json\/wp\/v2\/product_brand?post=2275"},{"taxonomy":"product_cat","embeddable":true,"href":"https:\/\/www.boutique.genealogiemagazine.com\/index.php\/wp-json\/wp\/v2\/product_cat?post=2275"},{"taxonomy":"product_tag","embeddable":true,"href":"https:\/\/www.boutique.genealogiemagazine.com\/index.php\/wp-json\/wp\/v2\/product_tag?post=2275"}],"curies":[{"name":"wp","href":"https:\/\/api.w.org\/{rel}","templated":true}]}}