{"id":2276,"date":"2025-11-23T17:53:19","date_gmt":"2025-11-23T16:53:19","guid":{"rendered":"https:\/\/www.boutique.genealogiemagazine.com\/?post_type=product&#038;p=2276"},"modified":"2025-11-23T17:53:19","modified_gmt":"2025-11-23T16:53:19","slug":"la-vie-professionnelle-des-officiers-au-milieu-du-xixe-siecle","status":"publish","type":"product","link":"https:\/\/www.boutique.genealogiemagazine.com\/index.php\/produit\/la-vie-professionnelle-des-officiers-au-milieu-du-xixe-siecle\/","title":{"rendered":"La vie professionnelle des officiers au milieu du XIXe si\u00e8cle"},"content":{"rendered":"<p>Cet ouvrage pr\u00e9sente le m\u00e9tier des officiers de la Monarchie de Juillet \u00e0 la Troisi\u00e8me R\u00e9publique : recrutement, emplois, combats, avancements et cessation de service. Derri\u00e8re l&rsquo;or des \u00e9paulettes, la r\u00e9alit\u00e9 est moins exaltante, mais davantage civique et tourn\u00e9e vers le service de l&rsquo;Etat qu&rsquo;on ne le dit g\u00e9n\u00e9ralement. Un ouvrage solide, par un sp\u00e9cialiste r\u00e9put\u00e9 d&rsquo;histoire militaire.<\/p><div id=\"anniv-19627412\" class=\"anniv-contenu anniv-entity-placement\"><script async src=\"\/\/pagead2.googlesyndication.com\/pagead\/js\/adsbygoogle.js?client=ca-pub-8639961027790050\" crossorigin=\"anonymous\"><\/script><ins class=\"adsbygoogle\" style=\"display:block;\" data-ad-client=\"ca-pub-8639961027790050\" \ndata-ad-slot=\"5451536801\" \ndata-ad-format=\"auto\"><\/ins>\n<script> \n(adsbygoogle = window.adsbygoogle || []).push({}); \n<\/script>\n<\/div>\n<div id=\"anniv-738512022\" class=\"anniv-apres anniv-entity-placement\"><script async src=\"\/\/pagead2.googlesyndication.com\/pagead\/js\/adsbygoogle.js?client=ca-pub-8639961027790050\" crossorigin=\"anonymous\"><\/script><ins class=\"adsbygoogle\" style=\"display:block;\" data-ad-client=\"ca-pub-8639961027790050\" \ndata-ad-slot=\"5451536801\" \ndata-ad-format=\"auto\"><\/ins>\n<script> \n(adsbygoogle = window.adsbygoogle || []).push({}); \n<\/script>\n<\/div>","protected":false},"excerpt":{"rendered":"<p>Cet ouvrage pr\u00e9sente le m\u00e9tier des officiers de la Monarchie de Juillet \u00e0 la Troisi\u00e8me R\u00e9publique : recrutement, emplois, combats, avancements et cessation de service. Derri\u00e8re l&rsquo;or des \u00e9paulettes, la r\u00e9alit\u00e9 est moins exaltante, mais davantage civique et tourn\u00e9e vers le service de l&rsquo;Etat qu&rsquo;on ne le dit g\u00e9n\u00e9ralement. Un ouvrage solide, par un sp\u00e9cialiste r\u00e9put\u00e9 d&rsquo;histoire militaire.<\/p>\n","protected":false},"featured_media":0,"comment_status":"open","ping_status":"closed","template":"","meta":[],"product_brand":[],"product_cat":[771],"product_tag":[1050],"class_list":{"0":"post-2276","1":"product","2":"type-product","3":"status-publish","5":"product_cat-promotions","6":"product_tag-officiers","8":"first","9":"instock","10":"sale","11":"shipping-taxable","12":"purchasable","13":"product-type-simple"},"_links":{"self":[{"href":"https:\/\/www.boutique.genealogiemagazine.com\/index.php\/wp-json\/wp\/v2\/product\/2276","targetHints":{"allow":["GET"]}}],"collection":[{"href":"https:\/\/www.boutique.genealogiemagazine.com\/index.php\/wp-json\/wp\/v2\/product"}],"about":[{"href":"https:\/\/www.boutique.genealogiemagazine.com\/index.php\/wp-json\/wp\/v2\/types\/product"}],"replies":[{"embeddable":true,"href":"https:\/\/www.boutique.genealogiemagazine.com\/index.php\/wp-json\/wp\/v2\/comments?post=2276"}],"wp:attachment":[{"href":"https:\/\/www.boutique.genealogiemagazine.com\/index.php\/wp-json\/wp\/v2\/media?parent=2276"}],"wp:term":[{"taxonomy":"product_brand","embeddable":true,"href":"https:\/\/www.boutique.genealogiemagazine.com\/index.php\/wp-json\/wp\/v2\/product_brand?post=2276"},{"taxonomy":"product_cat","embeddable":true,"href":"https:\/\/www.boutique.genealogiemagazine.com\/index.php\/wp-json\/wp\/v2\/product_cat?post=2276"},{"taxonomy":"product_tag","embeddable":true,"href":"https:\/\/www.boutique.genealogiemagazine.com\/index.php\/wp-json\/wp\/v2\/product_tag?post=2276"}],"curies":[{"name":"wp","href":"https:\/\/api.w.org\/{rel}","templated":true}]}}