{"id":2366,"date":"2026-02-07T17:32:36","date_gmt":"2026-02-07T16:32:36","guid":{"rendered":"https:\/\/www.boutique.genealogiemagazine.com\/?post_type=product&#038;p=2366"},"modified":"2026-02-07T17:35:24","modified_gmt":"2026-02-07T16:35:24","slug":"napoleon-et-leconomie-limpuissance-du-politique","status":"publish","type":"product","link":"https:\/\/www.boutique.genealogiemagazine.com\/index.php\/produit\/napoleon-et-leconomie-limpuissance-du-politique\/","title":{"rendered":"Napol\u00e9on et L&rsquo;\u00e9conomie &#8211; l&rsquo;impuissance du Politique"},"content":{"rendered":"<p style=\"margin: 7px; padding: 0px; border: 0px; font-size: 12px; line-height: normal; font-family: Arial; vertical-align: baseline; background: transparent;\">Malgr\u00e9 son importance l&rsquo;histoire \u00e9conomique de l&rsquo;\u00e9poque napol\u00e9onienne est un sujet m\u00e9connu.<\/p><div id=\"anniv-597641275\" class=\"anniv-contenu anniv-entity-placement\"><script async src=\"\/\/pagead2.googlesyndication.com\/pagead\/js\/adsbygoogle.js?client=ca-pub-8639961027790050\" crossorigin=\"anonymous\"><\/script><ins class=\"adsbygoogle\" style=\"display:block;\" data-ad-client=\"ca-pub-8639961027790050\" \ndata-ad-slot=\"5451536801\" \ndata-ad-format=\"auto\"><\/ins>\n<script> \n(adsbygoogle = window.adsbygoogle || []).push({}); \n<\/script>\n<\/div>\n<p style=\"margin: 7px; padding: 0px; border: 0px; font-size: 12px; line-height: normal; font-family: Arial; vertical-align: baseline; background: transparent;\">L&rsquo;auteur l&rsquo;expose ici dans son ensemble et dans tous ses aspects techniques. pour l&rsquo;\u00e9clairer il analyse finement les rapports personnels de napol\u00e9on avec l&rsquo;\u00e9conomie et l&rsquo;argent. pour l&rsquo;expliquer il la lie aux derni\u00e8res ann\u00e9es de l&rsquo;ancien r\u00e9gime et aux d\u00e9buts de la restauration. pour la rendre accessible il a divis\u00e9 son \u00e9tude en de nombreux sous-chapitres dont les titres vivants &#8211; et parfois un peu provocateurs &#8211; expriment la dynamique de sa d\u00e9monstration.<\/p>\n<p style=\"margin: 7px; padding: 0px; border: 0px; font-size: 12px; line-height: normal; font-family: Arial; vertical-align: baseline; background: transparent;\">Le choix d&rsquo;une organisation \u00e9conomique se posa \u00e0 bonaparte d\u00e8s la campagne d&rsquo;\u00e9gypte : ce fut ensuite une r\u00e9v\u00e9lation avec un chef d&rsquo;\u00e9tat lib\u00e9ral \u00e0 l&rsquo;int\u00e9rieur et interventionniste dans les relations ext\u00e9rieures. il fut lib\u00e9ral protectionniste. \u00e9chec ou impuissance du politique ? le bilan \u00e9conomique est important mais l&rsquo;autoritarisme, qui contribuera \u00e0 un fonctionnement d\u00e9fectueux, aboutira finalement \u00e0 une impasse.<\/p>\n<div id=\"anniv-1162753719\" class=\"anniv-apres anniv-entity-placement\"><script async src=\"\/\/pagead2.googlesyndication.com\/pagead\/js\/adsbygoogle.js?client=ca-pub-8639961027790050\" crossorigin=\"anonymous\"><\/script><ins class=\"adsbygoogle\" style=\"display:block;\" data-ad-client=\"ca-pub-8639961027790050\" \ndata-ad-slot=\"5451536801\" \ndata-ad-format=\"auto\"><\/ins>\n<script> \n(adsbygoogle = window.adsbygoogle || []).push({}); \n<\/script>\n<\/div>","protected":false},"excerpt":{"rendered":"<p>Malgr\u00e9 son importance l&rsquo;histoire \u00e9conomique de l&rsquo;\u00e9poque napol\u00e9onienne est un sujet m\u00e9connu.<\/p>\n","protected":false},"featured_media":2367,"comment_status":"open","ping_status":"closed","template":"","meta":[],"product_brand":[],"product_cat":[771],"product_tag":[1073],"class_list":{"0":"post-2366","1":"product","2":"type-product","3":"status-publish","4":"has-post-thumbnail","6":"product_cat-promotions","7":"product_tag-napoleon","9":"first","10":"instock","11":"sale","12":"shipping-taxable","13":"purchasable","14":"product-type-simple"},"_links":{"self":[{"href":"https:\/\/www.boutique.genealogiemagazine.com\/index.php\/wp-json\/wp\/v2\/product\/2366","targetHints":{"allow":["GET"]}}],"collection":[{"href":"https:\/\/www.boutique.genealogiemagazine.com\/index.php\/wp-json\/wp\/v2\/product"}],"about":[{"href":"https:\/\/www.boutique.genealogiemagazine.com\/index.php\/wp-json\/wp\/v2\/types\/product"}],"replies":[{"embeddable":true,"href":"https:\/\/www.boutique.genealogiemagazine.com\/index.php\/wp-json\/wp\/v2\/comments?post=2366"}],"wp:featuredmedia":[{"embeddable":true,"href":"https:\/\/www.boutique.genealogiemagazine.com\/index.php\/wp-json\/wp\/v2\/media\/2367"}],"wp:attachment":[{"href":"https:\/\/www.boutique.genealogiemagazine.com\/index.php\/wp-json\/wp\/v2\/media?parent=2366"}],"wp:term":[{"taxonomy":"product_brand","embeddable":true,"href":"https:\/\/www.boutique.genealogiemagazine.com\/index.php\/wp-json\/wp\/v2\/product_brand?post=2366"},{"taxonomy":"product_cat","embeddable":true,"href":"https:\/\/www.boutique.genealogiemagazine.com\/index.php\/wp-json\/wp\/v2\/product_cat?post=2366"},{"taxonomy":"product_tag","embeddable":true,"href":"https:\/\/www.boutique.genealogiemagazine.com\/index.php\/wp-json\/wp\/v2\/product_tag?post=2366"}],"curies":[{"name":"wp","href":"https:\/\/api.w.org\/{rel}","templated":true}]}}