{"id":2378,"date":"2026-02-27T18:59:05","date_gmt":"2026-02-27T17:59:05","guid":{"rendered":"https:\/\/www.boutique.genealogiemagazine.com\/?post_type=product&#038;p=2378"},"modified":"2026-03-06T19:13:17","modified_gmt":"2026-03-06T18:13:17","slug":"melanges-offerts-a-szabolcs-de-vajay","status":"publish","type":"product","link":"https:\/\/www.boutique.genealogiemagazine.com\/index.php\/produit\/melanges-offerts-a-szabolcs-de-vajay\/","title":{"rendered":"M\u00e9langes offerts \u00e0 Szabolcs de Vajay"},"content":{"rendered":"<p>\u00c9dition originale, un des 500 exemplaires sur papier pluma dont six exemplaires r\u00e9serv\u00e9s aux membres du Comit\u00e9 de R\u00e9daction et au Promoteur Mr. Peter de Stephaich, chifr\u00e9s de A \u00e0 F &#8211; Roncelin, dernier seigneur de Lunel (H\u00e9rault) et son h\u00e9ritier Hugues d&rsquo;Adh\u00e9mar de Monteil seigneur de Lombers (21 d\u00e9cembre 1294)(Adh\u00e9mar de Panat). Pr\u00e9sence h\u00e9raldique hongroise au Portugal (F. de Simas Alves de Azevedo). Ciertos aspectos est\u00e9tico-sicologicos e historico-sociales de la pintura colonial del Cuzco (G. de Bon\u00e9). Les coseigneurs de Caylus &#8211; Saint-Affrique &#8211; Roquefort &#8211; Un exemple de g\u00e9n\u00e9alogie imossible (J. Bousquet). La restauration du monast\u00e8re de Saint-Pierre de Clairvaux en Roergue (Aveyron) en 1060 (P. Bri\u00e8re). Die N\u00fcwe Ordnung von Anno 1643 &#8211; Studie zur entstehungsgeschichte des bernischen Patriziats als Geburtsstand (E. H. Brunner). Kuno von Horburg &#8211; Ein beitrag zum thema Latein f\u00fcr Sippenforscher (K.A. Eckhardt). Zur ikonographie des S\u00fcndenfalls (G. Entz). Margaret of Scotland, Duchess of Brittany (C. Evans). Attila &#8211; Das thema seiner biographie (M. de Ferdinandy). Los Sentmenat &#8211; Una gran familia noble catanala (A. de Fluvia i Escorsa). Zur entstehung des hochmittelalterlichen patriziats in westdeutschen st\u00e4dten (H.F. Friederichs). Die verflechtung des b\u00fcrgertums und adels in Ungarn am ende des 14. jahrhunderts &#8211; Die familie Vincze von Szentgy\u00f6rgy (E. F\u00fcgedi). The history of Sarospatak&rsquo;s court revealed in sepulchral monuments (V. Gervers-Molnar). Liens g\u00e9n\u00e9alogiques, historiques et h\u00e9raldiques entre les royaumes de Hongrie et de Boh\u00e8me et les Belges d&rsquo;hier et d&rsquo;aujourd&rsquo;hui (X. de Ghellinck Vaernewyck). Die Nordwestgrenze des byzantinischen Reiches im XI. jahrhundert und die ausbildung des ducatus Sclavoniae (G. Gy\u00f6rffy). Les armes au Samson en Pologne et en Hongrie (A. Heymowski). Die todesdaten Teutbalds I. und Teutbalds II. von Langres (E. Hlawitschka). Das ungarishe wappen auf fremden m\u00fcnzen im mittelalter (L. Huszar). Beitr\u00e4ge zur geschichte der rechtsprechung \u00fcber die h\u00f6rigen in Ungarn im XV. jahrhundert (B. Ila). Ungarische adelswappen aus dem jahr 1914 (H. J\u00e4ger-Sunstenau). Note sur l&#8217;emploi des contre-sceaux au moyen \u00e2ge (L. J\u00e9quier). Quelques probl\u00e8mes relatifs \u00e0 la charte de fondation du couvent des religieuses de Veszpr\u00e9mv\u00f6lgy (M. Komjathy). Les Cotta de Tol\u00e8de et la colonie espagnole \u00e0 Bude aux 15e et 16e si\u00e8cles (A. Kubinyi). Le Lothier et le Roy d&rsquo;armes des Ruyers (W.F. Leemans). Essai d&rsquo;armorial bourguignon des familles f\u00e9odales des XIIIe et XIVe si\u00e8cles (J. Marilier). Los comienzos de la heraldica en Espana (F. Men\u00e9ndez Pidal de Navascu\u00e9s). Die anf\u00e4nge einer sachgerechten anordung der wappen der erblande im wappen von \u00d6sterreich (O. Neubecker). The protection of coats of arms in South Africa (C. Pama). Ungarische edelleute in den historischen l\u00e4ndern der B\u00f6hmischen Krone (R.F. von Prochazka). Les principaux monuments fun\u00e9raires m\u00e9di\u00e9vaux conserv\u00e9s \u00e0 Budapest (D. Radocsay). Les d&rsquo;Armagnac, seigneurs de Termes (A. Sahut d&rsquo;Izarn). Semblanza de un Rey (J.J. Santa-Pinter). L&rsquo;h\u00e9raldique de la reine Sainte Elisabeth de Portugal, ni\u00e8ce de Sainte Elisabeth de Hongrie (de Sao Payo). Azur romantique ou scientifique? (C.G.U. Scheffer). The nnion mark: a study in political symbolism (W. Smith). Los fogatges catalanes del siglo XIV\u00b0 y la caballeria del Rosellon (S. Sobrequ\u00e9s i Vidal). Em torno a la transmision cognatica de la nobleza en Espana (J.M. de Sola-Morales y de Rossello). Der nachweis des adels in Ungan bis 1947 (L. Szilagyi). Valeur et hierarchie des sceaux selon Philippe de Beaumanoir (fin du XIIIe si\u00e8cle)(J.-B. de Vaivre). \u00c9tude historique et iconographique de l&rsquo;Ordre de l&rsquo;\u00c9p\u00e9e de Chypre (C. van den Bergen-Pantens). El castillo y el linaje de Vilademuls (F. Viader y Gusta). Les armoiries du vicomte de Maua (R. Vieira da Cunha).<\/p><div id=\"anniv-1373496760\" class=\"anniv-contenu anniv-entity-placement\"><script async src=\"\/\/pagead2.googlesyndication.com\/pagead\/js\/adsbygoogle.js?client=ca-pub-8639961027790050\" crossorigin=\"anonymous\"><\/script><ins class=\"adsbygoogle\" style=\"display:block;\" data-ad-client=\"ca-pub-8639961027790050\" \ndata-ad-slot=\"5451536801\" \ndata-ad-format=\"auto\"><\/ins>\n<script> \n(adsbygoogle = window.adsbygoogle || []).push({}); \n<\/script>\n<\/div>\n<p>M\u00e9langes offerts \u00e0 Szabolcs de Vajay, vice-pr\u00e9sident de l&rsquo;Acad\u00e9mie internationale d&rsquo;h\u00e9raldique sous la direction de Pierre Bri\u00e8re, Braga, 1971, 633 p. nombreuses illustrations et tableaux g\u00e9n\u00e9alogiques.<\/p>\n<div id=\"anniv-1891014637\" class=\"anniv-apres anniv-entity-placement\"><script async src=\"\/\/pagead2.googlesyndication.com\/pagead\/js\/adsbygoogle.js?client=ca-pub-8639961027790050\" crossorigin=\"anonymous\"><\/script><ins class=\"adsbygoogle\" style=\"display:block;\" data-ad-client=\"ca-pub-8639961027790050\" \ndata-ad-slot=\"5451536801\" \ndata-ad-format=\"auto\"><\/ins>\n<script> \n(adsbygoogle = window.adsbygoogle || []).push({}); \n<\/script>\n<\/div>","protected":false},"excerpt":{"rendered":"<p>\u00c9dition originale, un des 500 exemplaires sur papier pluma dont six exemplaires r\u00e9serv\u00e9s aux membres du Comit\u00e9 de R\u00e9daction et au Promoteur Mr. Peter de Stephaich, chifr\u00e9s de A \u00e0 F &#8211; Roncelin, dernier seigneur de Lunel (H\u00e9rault) et son h\u00e9ritier Hugues d&rsquo;Adh\u00e9mar de Monteil seigneur de Lombers (21 d\u00e9cembre 1294)(Adh\u00e9mar de Panat).<\/p>\n","protected":false},"featured_media":2379,"comment_status":"open","ping_status":"closed","template":"","meta":[],"product_brand":[],"product_cat":[771],"product_tag":[1076],"class_list":{"0":"post-2378","1":"product","2":"type-product","3":"status-publish","4":"has-post-thumbnail","6":"product_cat-promotions","7":"product_tag-szabolcs-de-vajay","9":"first","10":"instock","11":"sale","12":"shipping-taxable","13":"purchasable","14":"product-type-simple"},"_links":{"self":[{"href":"https:\/\/www.boutique.genealogiemagazine.com\/index.php\/wp-json\/wp\/v2\/product\/2378","targetHints":{"allow":["GET"]}}],"collection":[{"href":"https:\/\/www.boutique.genealogiemagazine.com\/index.php\/wp-json\/wp\/v2\/product"}],"about":[{"href":"https:\/\/www.boutique.genealogiemagazine.com\/index.php\/wp-json\/wp\/v2\/types\/product"}],"replies":[{"embeddable":true,"href":"https:\/\/www.boutique.genealogiemagazine.com\/index.php\/wp-json\/wp\/v2\/comments?post=2378"}],"wp:featuredmedia":[{"embeddable":true,"href":"https:\/\/www.boutique.genealogiemagazine.com\/index.php\/wp-json\/wp\/v2\/media\/2379"}],"wp:attachment":[{"href":"https:\/\/www.boutique.genealogiemagazine.com\/index.php\/wp-json\/wp\/v2\/media?parent=2378"}],"wp:term":[{"taxonomy":"product_brand","embeddable":true,"href":"https:\/\/www.boutique.genealogiemagazine.com\/index.php\/wp-json\/wp\/v2\/product_brand?post=2378"},{"taxonomy":"product_cat","embeddable":true,"href":"https:\/\/www.boutique.genealogiemagazine.com\/index.php\/wp-json\/wp\/v2\/product_cat?post=2378"},{"taxonomy":"product_tag","embeddable":true,"href":"https:\/\/www.boutique.genealogiemagazine.com\/index.php\/wp-json\/wp\/v2\/product_tag?post=2378"}],"curies":[{"name":"wp","href":"https:\/\/api.w.org\/{rel}","templated":true}]}}