{"id":2388,"date":"2026-03-02T21:29:57","date_gmt":"2026-03-02T20:29:57","guid":{"rendered":"https:\/\/www.boutique.genealogiemagazine.com\/?post_type=product&#038;p=2388"},"modified":"2026-03-02T21:29:57","modified_gmt":"2026-03-02T20:29:57","slug":"genealogie-magazine-n-419-420","status":"publish","type":"product","link":"https:\/\/www.boutique.genealogiemagazine.com\/index.php\/produit\/genealogie-magazine-n-419-420\/","title":{"rendered":"G\u00e9n\u00e9alogie Magazine N\u00b0 419-420"},"content":{"rendered":"<p>Actualit\u00e9s<\/p><div id=\"anniv-1129323484\" class=\"anniv-contenu anniv-entity-placement\"><script async src=\"\/\/pagead2.googlesyndication.com\/pagead\/js\/adsbygoogle.js?client=ca-pub-8639961027790050\" crossorigin=\"anonymous\"><\/script><ins class=\"adsbygoogle\" style=\"display:block;\" data-ad-client=\"ca-pub-8639961027790050\" \ndata-ad-slot=\"5451536801\" \ndata-ad-format=\"auto\"><\/ins>\n<script> \n(adsbygoogle = window.adsbygoogle || []).push({}); \n<\/script>\n<\/div>\n<p>Associations<\/p>\n<p>Entraide et abonnement<\/p>\n<p>Dossier<\/p>\n<p>L\u2019ascendance des maires de Marseille<\/p>\n<p>par Pascal Vidal<\/p>\n<p>Catalogue du G\u00e9n\u00e9alogiste 2026<\/p>\n<p>Personnalit\u00e9s<\/p>\n<p>Dounia Coesens<\/p>\n<p>par Mathieu Delaunay<\/p>\n<p>Hommage Personnalit\u00e9s<\/p>\n<p>Evelyne Leclercq<\/p>\n<p>Rolland Courbis<\/p>\n<p>par Mathieu Delaunay<\/p>\n<p>Les Cousins de la Marquise<\/p>\n<p>Louis Renault<\/p>\n<p>par l\u2019association \u00abLes Cousins de la Marquise\u00bb<\/p>\n<p>Br\u00e8ves du XIX si\u00e8cle<\/p>\n<p>L\u2019exp\u00e9dition de Chine<\/p>\n<p>par Christian Friedrich<\/p>\n<p>Nous sommes tous cousins<\/p>\n<p>Cousinade entre Jean-Charles de Castelbajac et Pierre B\u00e9r\u00e9govoy<\/p>\n<p>Cousinade Christine Bravo et Arnaud Montebourg<\/p>\n<p>par Gilles Qu\u00e9deville et Dominique Carpentier<\/p>\n<p>Lettre g\u00e9n\u00e9alogique du Qu\u00e9bec<\/p>\n<p>La g\u00e9n\u00e9alogie gratuite au Qu\u00e9bec :<\/p>\n<p>un patrimoine accessible \u00e0 tous 1\u00e8re partie:<\/p>\n<p>Les outils de recherches d\u2019organismes publics<\/p>\n<p>par Jeanne Maltais<\/p>\n<p>Portrait<\/p>\n<p>Plume &amp; Souvenirs &#8211; Patricia Auriel vous pr\u00eate sa plume<\/p>\n<p>Logiciel<\/p>\n<p>Geneasofts.com &#8211; Logiciels innovants pour les g\u00e9n\u00e9alogistes<\/p>\n<p>par Gilles Pr\u00e9vost<\/p>\n<p>Saga<\/p>\n<p>La famille Fauchon<\/p>\n<p>par Mathieu Delaunay<\/p>\n<p>en librairie<\/p>\n<div id=\"anniv-1837122434\" class=\"anniv-apres anniv-entity-placement\"><script async src=\"\/\/pagead2.googlesyndication.com\/pagead\/js\/adsbygoogle.js?client=ca-pub-8639961027790050\" crossorigin=\"anonymous\"><\/script><ins class=\"adsbygoogle\" style=\"display:block;\" data-ad-client=\"ca-pub-8639961027790050\" \ndata-ad-slot=\"5451536801\" \ndata-ad-format=\"auto\"><\/ins>\n<script> \n(adsbygoogle = window.adsbygoogle || []).push({}); \n<\/script>\n<\/div>","protected":false},"excerpt":{"rendered":"<p>Dossier L\u2019ascendance des maires de Marseille, Personnalit\u00e9s Dounia Coesens, Hommage Personnalit\u00e9s Evelyne Leclercq, Rolland Courbis, Les Cousins de la Marquise \u00a0Louis Renault, Br\u00e8ves du XIX si\u00e8cle L\u2019exp\u00e9dition de Chine, Nous sommes tous cousins Cousinade entre Jean-Charles de Castelbajac et Pierre B\u00e9r\u00e9govoy et le Cousinade Christine Bravo et Arnaud Montebourg, Lettre g\u00e9n\u00e9alogique du Qu\u00e9bec La g\u00e9n\u00e9alogie gratuite au Qu\u00e9bec : un patrimoine accessible \u00e0 tous 1\u00e8re partie: Les outils de recherches d\u2019organismes publics, Portrait Plume &amp; Souvenirs &#8211; Patricia Auriel vous pr\u00eate sa plume, Logiciel Geneasofts.com &#8211; Logiciels innovants pour les g\u00e9n\u00e9alogistes, Saga La famille Fauchon<\/p>\n","protected":false},"featured_media":2384,"comment_status":"open","ping_status":"closed","template":"","meta":[],"product_brand":[],"product_cat":[42],"product_tag":[1085,1084,1078,1080,1089,1079,1083,1090,1086,1082,1088,1087,1081],"class_list":{"0":"post-2388","1":"product","2":"type-product","3":"status-publish","4":"has-post-thumbnail","6":"product_cat-genealogie-magazine-version-papier","7":"product_tag-cousinade-christine-bravo-et-arnaud-montebourg","8":"product_tag-cousinade-entre-jean-charles-de-castelbajac","9":"product_tag-dounia-coesens","10":"product_tag-evelyne-leclercq","11":"product_tag-geneasofts-com","12":"product_tag-lascendance-des-maires-de-marseille","13":"product_tag-lexpedition-de-chine","14":"product_tag-la-famille-fauchon","15":"product_tag-la-genealogie-gratuite-au-quebec","16":"product_tag-louis-renault","17":"product_tag-patricia-auriel","18":"product_tag-plume-souvenirs","19":"product_tag-rolland-courbis","21":"first","22":"instock","23":"shipping-taxable","24":"purchasable","25":"product-type-simple"},"_links":{"self":[{"href":"https:\/\/www.boutique.genealogiemagazine.com\/index.php\/wp-json\/wp\/v2\/product\/2388","targetHints":{"allow":["GET"]}}],"collection":[{"href":"https:\/\/www.boutique.genealogiemagazine.com\/index.php\/wp-json\/wp\/v2\/product"}],"about":[{"href":"https:\/\/www.boutique.genealogiemagazine.com\/index.php\/wp-json\/wp\/v2\/types\/product"}],"replies":[{"embeddable":true,"href":"https:\/\/www.boutique.genealogiemagazine.com\/index.php\/wp-json\/wp\/v2\/comments?post=2388"}],"wp:featuredmedia":[{"embeddable":true,"href":"https:\/\/www.boutique.genealogiemagazine.com\/index.php\/wp-json\/wp\/v2\/media\/2384"}],"wp:attachment":[{"href":"https:\/\/www.boutique.genealogiemagazine.com\/index.php\/wp-json\/wp\/v2\/media?parent=2388"}],"wp:term":[{"taxonomy":"product_brand","embeddable":true,"href":"https:\/\/www.boutique.genealogiemagazine.com\/index.php\/wp-json\/wp\/v2\/product_brand?post=2388"},{"taxonomy":"product_cat","embeddable":true,"href":"https:\/\/www.boutique.genealogiemagazine.com\/index.php\/wp-json\/wp\/v2\/product_cat?post=2388"},{"taxonomy":"product_tag","embeddable":true,"href":"https:\/\/www.boutique.genealogiemagazine.com\/index.php\/wp-json\/wp\/v2\/product_tag?post=2388"}],"curies":[{"name":"wp","href":"https:\/\/api.w.org\/{rel}","templated":true}]}}