{"id":2393,"date":"2026-03-03T17:43:12","date_gmt":"2026-03-03T16:43:12","guid":{"rendered":"https:\/\/www.boutique.genealogiemagazine.com\/?post_type=product&#038;p=2393"},"modified":"2026-03-03T17:43:12","modified_gmt":"2026-03-03T16:43:12","slug":"dictionnaire-des-marechaux-du-premiers-empire","status":"publish","type":"product","link":"https:\/\/www.boutique.genealogiemagazine.com\/index.php\/produit\/dictionnaire-des-marechaux-du-premiers-empire\/","title":{"rendered":"Dictionnaire des mar\u00e9chaux du Premiers Empire"},"content":{"rendered":"<p>R\u00e9unit pour la premi\u00e8re fois, et selon un plan th\u00e9matique original, un ensemble d&rsquo;informations jamais rassembl\u00e9es sur les vingt-six mar\u00e9chaux du Premier Empire : \u00e9tat civil et origines , \u00e9tat de services , carri\u00e8re d&rsquo;officier g\u00e9n\u00e9ral et mar\u00e9chalat , honneurs et d\u00e9corations , charges , fonctions et souverainet\u00e9 , m\u00e9moires et correspondances , demeures et filiations , et jusqu&rsquo;aux jugements de Napol\u00e9on sur chacun d&rsquo;eux. Couronn\u00e9 par le prix de la Fondation Napol\u00e9on.<\/p><div id=\"anniv-3115996337\" class=\"anniv-contenu anniv-entity-placement\"><script async src=\"\/\/pagead2.googlesyndication.com\/pagead\/js\/adsbygoogle.js?client=ca-pub-8639961027790050\" crossorigin=\"anonymous\"><\/script><ins class=\"adsbygoogle\" style=\"display:block;\" data-ad-client=\"ca-pub-8639961027790050\" \ndata-ad-slot=\"5451536801\" \ndata-ad-format=\"auto\"><\/ins>\n<script> \n(adsbygoogle = window.adsbygoogle || []).push({}); \n<\/script>\n<\/div>\n<div id=\"anniv-1560095805\" class=\"anniv-apres anniv-entity-placement\"><script async src=\"\/\/pagead2.googlesyndication.com\/pagead\/js\/adsbygoogle.js?client=ca-pub-8639961027790050\" crossorigin=\"anonymous\"><\/script><ins class=\"adsbygoogle\" style=\"display:block;\" data-ad-client=\"ca-pub-8639961027790050\" \ndata-ad-slot=\"5451536801\" \ndata-ad-format=\"auto\"><\/ins>\n<script> \n(adsbygoogle = window.adsbygoogle || []).push({}); \n<\/script>\n<\/div>","protected":false},"excerpt":{"rendered":"<p>R\u00e9unit pour la premi\u00e8re fois, et selon un plan th\u00e9matique original, un ensemble d&rsquo;informations jamais rassembl\u00e9es sur les vingt-six mar\u00e9chaux du Premier Empire : \u00e9tat civil et origines , \u00e9tat de services , carri\u00e8re d&rsquo;officier g\u00e9n\u00e9ral et mar\u00e9chalat , honneurs et d\u00e9corations , charges , fonctions et souverainet\u00e9 , m\u00e9moires et correspondances , demeures et filiations , et jusqu&rsquo;aux jugements de Napol\u00e9on sur chacun d&rsquo;eux. Couronn\u00e9 par le prix de la Fondation Napol\u00e9on.<\/p>\n","protected":false},"featured_media":0,"comment_status":"open","ping_status":"closed","template":"","meta":[],"product_brand":[],"product_cat":[771],"product_tag":[],"class_list":{"0":"post-2393","1":"product","2":"type-product","3":"status-publish","5":"product_cat-promotions","7":"first","8":"instock","9":"sale","10":"shipping-taxable","11":"purchasable","12":"product-type-simple"},"_links":{"self":[{"href":"https:\/\/www.boutique.genealogiemagazine.com\/index.php\/wp-json\/wp\/v2\/product\/2393","targetHints":{"allow":["GET"]}}],"collection":[{"href":"https:\/\/www.boutique.genealogiemagazine.com\/index.php\/wp-json\/wp\/v2\/product"}],"about":[{"href":"https:\/\/www.boutique.genealogiemagazine.com\/index.php\/wp-json\/wp\/v2\/types\/product"}],"replies":[{"embeddable":true,"href":"https:\/\/www.boutique.genealogiemagazine.com\/index.php\/wp-json\/wp\/v2\/comments?post=2393"}],"wp:attachment":[{"href":"https:\/\/www.boutique.genealogiemagazine.com\/index.php\/wp-json\/wp\/v2\/media?parent=2393"}],"wp:term":[{"taxonomy":"product_brand","embeddable":true,"href":"https:\/\/www.boutique.genealogiemagazine.com\/index.php\/wp-json\/wp\/v2\/product_brand?post=2393"},{"taxonomy":"product_cat","embeddable":true,"href":"https:\/\/www.boutique.genealogiemagazine.com\/index.php\/wp-json\/wp\/v2\/product_cat?post=2393"},{"taxonomy":"product_tag","embeddable":true,"href":"https:\/\/www.boutique.genealogiemagazine.com\/index.php\/wp-json\/wp\/v2\/product_tag?post=2393"}],"curies":[{"name":"wp","href":"https:\/\/api.w.org\/{rel}","templated":true}]}}