{"id":281,"date":"2022-06-02T14:28:46","date_gmt":"2022-06-02T12:28:46","guid":{"rendered":"https:\/\/www.anniversaire-genealogie-magazine.editions-christian.com\/?post_type=product&#038;p=281"},"modified":"2025-01-18T17:36:38","modified_gmt":"2025-01-18T16:36:38","slug":"abonnement-genealogie-magazine-6-mois-france-metropolitaine","status":"publish","type":"product","link":"https:\/\/www.boutique.genealogiemagazine.com\/produit\/abonnement-genealogie-magazine-6-mois-france-metropolitaine\/","title":{"rendered":"Abonnement g\u00e9n\u00e9alogie Magazine 6 mois &#8211; France m\u00e9tropolitaine"},"content":{"rendered":"<p>Le lien entre vos anc\u00eatres et vous. Avec un an d&rsquo;abonnement \u00e0 G\u00e9n\u00e9alogie-Magazine, vous recevez\u00a0 7 num\u00e9ros dont 4 Num\u00e9ros doubles, soit 500 pages de lecture. En 2024 nos lecteurs ont ainsi pu consulter : 74 pages repr\u00e9sentant 1 320 annonces g\u00e9n\u00e9alogiques gratuites, 72 pages de questions et r\u00e9ponses historiques, dont 23 pages de r\u00e9ponses aux courriers des lecteurs, 40 pages d&rsquo;informations g\u00e9n\u00e9rales, dont 22 pages de nouvelles des associations, 301 pages d&rsquo;articles : roman vrai des Fran\u00e7ais, articles historiques, descriptions de sources \u00e0 consulter, albums de famille, ascendances de personnalit\u00e9s, etc. ,69 pages de formation dont 17 de cours de g\u00e9n\u00e9alogie, 10 d&rsquo;initiation \u00e0 l&rsquo;h\u00e9raldique, 32 d&rsquo;entra\u00eenement \u00e0 la lecture des \u00e9critures anciennes et 7 consacr\u00e9es \u00e0 Internet, 16 pages d&rsquo;informations sur les ouvrages parus, 39 pages de sommaires et d&rsquo;informations publicitaires.<\/p><div id=\"anniv-3947920304\" class=\"anniv-contenu anniv-entity-placement\"><script async src=\"\/\/pagead2.googlesyndication.com\/pagead\/js\/adsbygoogle.js?client=ca-pub-8639961027790050\" crossorigin=\"anonymous\"><\/script><ins class=\"adsbygoogle\" style=\"display:block;\" data-ad-client=\"ca-pub-8639961027790050\" \ndata-ad-slot=\"5451536801\" \ndata-ad-format=\"auto\"><\/ins>\n<script> \n(adsbygoogle = window.adsbygoogle || []).push({}); \n<\/script>\n<\/div>\n<div id=\"anniv-3816797735\" class=\"anniv-apres anniv-entity-placement\"><script async src=\"\/\/pagead2.googlesyndication.com\/pagead\/js\/adsbygoogle.js?client=ca-pub-8639961027790050\" crossorigin=\"anonymous\"><\/script><ins class=\"adsbygoogle\" style=\"display:block;\" data-ad-client=\"ca-pub-8639961027790050\" \ndata-ad-slot=\"5451536801\" \ndata-ad-format=\"auto\"><\/ins>\n<script> \n(adsbygoogle = window.adsbygoogle || []).push({}); \n<\/script>\n<\/div>","protected":false},"excerpt":{"rendered":"<p>Le lien entre vos anc\u00eatres et vous. Avec un an d&rsquo;abonnement \u00e0 G\u00e9n\u00e9alogie-Magazine, vous recevez\u00a0 7 num\u00e9ros dont 4 Num\u00e9ros doubles, soit 500 pages de lecture. En 2024 nos lecteurs ont ainsi pu consulter : 74 pages repr\u00e9sentant 1 320 annonces g\u00e9n\u00e9alogiques gratuites, 72 pages de questions et r\u00e9ponses historiques, dont 23 pages de r\u00e9ponses [&hellip;]<\/p>\n","protected":false},"featured_media":95,"comment_status":"open","ping_status":"closed","template":"","meta":[],"product_brand":[],"product_cat":[16],"product_tag":[17],"class_list":{"0":"post-281","1":"product","2":"type-product","3":"status-publish","4":"has-post-thumbnail","6":"product_cat-abonnement","7":"product_tag-genealogie","9":"first","10":"instock","11":"virtual","12":"purchasable","13":"product-type-simple"},"_links":{"self":[{"href":"https:\/\/www.boutique.genealogiemagazine.com\/wp-json\/wp\/v2\/product\/281","targetHints":{"allow":["GET"]}}],"collection":[{"href":"https:\/\/www.boutique.genealogiemagazine.com\/wp-json\/wp\/v2\/product"}],"about":[{"href":"https:\/\/www.boutique.genealogiemagazine.com\/wp-json\/wp\/v2\/types\/product"}],"replies":[{"embeddable":true,"href":"https:\/\/www.boutique.genealogiemagazine.com\/wp-json\/wp\/v2\/comments?post=281"}],"wp:featuredmedia":[{"embeddable":true,"href":"https:\/\/www.boutique.genealogiemagazine.com\/wp-json\/wp\/v2\/media\/95"}],"wp:attachment":[{"href":"https:\/\/www.boutique.genealogiemagazine.com\/wp-json\/wp\/v2\/media?parent=281"}],"wp:term":[{"taxonomy":"product_brand","embeddable":true,"href":"https:\/\/www.boutique.genealogiemagazine.com\/wp-json\/wp\/v2\/product_brand?post=281"},{"taxonomy":"product_cat","embeddable":true,"href":"https:\/\/www.boutique.genealogiemagazine.com\/wp-json\/wp\/v2\/product_cat?post=281"},{"taxonomy":"product_tag","embeddable":true,"href":"https:\/\/www.boutique.genealogiemagazine.com\/wp-json\/wp\/v2\/product_tag?post=281"}],"curies":[{"name":"wp","href":"https:\/\/api.w.org\/{rel}","templated":true}]}}