{"id":435,"date":"2023-02-22T16:29:41","date_gmt":"2023-02-22T15:29:41","guid":{"rendered":"https:\/\/discount-genealogie-magazine.editions-christian.com\/?post_type=product&#038;p=435"},"modified":"2025-12-01T18:04:54","modified_gmt":"2025-12-01T17:04:54","slug":"oberkampf-sa-famille-et-sa-descendance","status":"publish","type":"product","link":"https:\/\/www.boutique.genealogiemagazine.com\/index.php\/produit\/oberkampf-sa-famille-et-sa-descendance\/","title":{"rendered":"Oberkampf, sa famille et sa descendance"},"content":{"rendered":"<p>0Fils d\u2019un teinturier de Bavi\u00e8re, Christophe-Philippe Oberkampf n\u2019avait que 21 ans lorsqu\u2019il fonda \u00e0 Jouy en Josas la premi\u00e8re manufactures de toiles imprim\u00e9es \u00e0 l\u2019aide de planches de cuivre. Sa manufacture employa plus de 1000 personnes dans la premi\u00e8re d\u00e9cennie du XIX\u00b0 s.<\/p><div id=\"anniv-674478268\" class=\"anniv-contenu anniv-entity-placement\"><script async src=\"\/\/pagead2.googlesyndication.com\/pagead\/js\/adsbygoogle.js?client=ca-pub-8639961027790050\" crossorigin=\"anonymous\"><\/script><ins class=\"adsbygoogle\" style=\"display:block;\" data-ad-client=\"ca-pub-8639961027790050\" \ndata-ad-slot=\"5451536801\" \ndata-ad-format=\"auto\"><\/ins>\n<script> \n(adsbygoogle = window.adsbygoogle || []).push({}); \n<\/script>\n<\/div>\n<p>Naturalis\u00e9 fran\u00e7ais en 1770 et anobli en 1787 par Louis XVI, Oberkampf a eu de ses 2 mariages, 8 enfants dont 4 seulement atteignirent l\u2019\u00e2ge adulte et firent de brillants mariages<\/p>\n<div id=\"anniv-2247918322\" class=\"anniv-apres anniv-entity-placement\"><script async src=\"\/\/pagead2.googlesyndication.com\/pagead\/js\/adsbygoogle.js?client=ca-pub-8639961027790050\" crossorigin=\"anonymous\"><\/script><ins class=\"adsbygoogle\" style=\"display:block;\" data-ad-client=\"ca-pub-8639961027790050\" \ndata-ad-slot=\"5451536801\" \ndata-ad-format=\"auto\"><\/ins>\n<script> \n(adsbygoogle = window.adsbygoogle || []).push({}); \n<\/script>\n<\/div>","protected":false},"excerpt":{"rendered":"<p>Fils d\u2019un teinturier de Bavi\u00e8re, Christophe-Philippe Oberkampf n\u2019avait que 21 ans lorsqu\u2019il fonda \u00e0 Jouy en Josas la premi\u00e8re manufactures de toiles imprim\u00e9es \u00e0 l\u2019aide de planches de cuivre. Sa manufacture employa plus de 1000 personnes dans la premi\u00e8re d\u00e9cennie du XIX\u00b0 s.<\/p>\n","protected":false},"featured_media":437,"comment_status":"open","ping_status":"closed","template":"","meta":[],"product_brand":[],"product_cat":[771],"product_tag":[103],"class_list":{"0":"post-435","1":"product","2":"type-product","3":"status-publish","4":"has-post-thumbnail","6":"product_cat-promotions","7":"product_tag-oberkampf","9":"first","10":"instock","11":"sale","12":"shipping-taxable","13":"purchasable","14":"product-type-simple"},"_links":{"self":[{"href":"https:\/\/www.boutique.genealogiemagazine.com\/index.php\/wp-json\/wp\/v2\/product\/435","targetHints":{"allow":["GET"]}}],"collection":[{"href":"https:\/\/www.boutique.genealogiemagazine.com\/index.php\/wp-json\/wp\/v2\/product"}],"about":[{"href":"https:\/\/www.boutique.genealogiemagazine.com\/index.php\/wp-json\/wp\/v2\/types\/product"}],"replies":[{"embeddable":true,"href":"https:\/\/www.boutique.genealogiemagazine.com\/index.php\/wp-json\/wp\/v2\/comments?post=435"}],"wp:featuredmedia":[{"embeddable":true,"href":"https:\/\/www.boutique.genealogiemagazine.com\/index.php\/wp-json\/wp\/v2\/media\/437"}],"wp:attachment":[{"href":"https:\/\/www.boutique.genealogiemagazine.com\/index.php\/wp-json\/wp\/v2\/media?parent=435"}],"wp:term":[{"taxonomy":"product_brand","embeddable":true,"href":"https:\/\/www.boutique.genealogiemagazine.com\/index.php\/wp-json\/wp\/v2\/product_brand?post=435"},{"taxonomy":"product_cat","embeddable":true,"href":"https:\/\/www.boutique.genealogiemagazine.com\/index.php\/wp-json\/wp\/v2\/product_cat?post=435"},{"taxonomy":"product_tag","embeddable":true,"href":"https:\/\/www.boutique.genealogiemagazine.com\/index.php\/wp-json\/wp\/v2\/product_tag?post=435"}],"curies":[{"name":"wp","href":"https:\/\/api.w.org\/{rel}","templated":true}]}}