{"id":824,"date":"2024-05-28T18:10:40","date_gmt":"2024-05-28T16:10:40","guid":{"rendered":"https:\/\/www.boutique.genealogiemagazine.com\/?post_type=product&#038;p=824"},"modified":"2024-05-28T18:10:45","modified_gmt":"2024-05-28T16:10:45","slug":"genealogie-magazine-n-372-373","status":"publish","type":"product","link":"https:\/\/www.boutique.genealogiemagazine.com\/produit\/genealogie-magazine-n-372-373\/","title":{"rendered":"G\u00e9n\u00e9alogie Magazine n\u00b0 372-373"},"content":{"rendered":"<p><strong>Actualit\u00e9s<\/strong><\/p><div id=\"anniv-3320992316\" class=\"anniv-contenu anniv-entity-placement\"><script async src=\"\/\/pagead2.googlesyndication.com\/pagead\/js\/adsbygoogle.js?client=ca-pub-8639961027790050\" crossorigin=\"anonymous\"><\/script><ins class=\"adsbygoogle\" style=\"display:block;\" data-ad-client=\"ca-pub-8639961027790050\" \ndata-ad-slot=\"5451536801\" \ndata-ad-format=\"auto\"><\/ins>\n<script> \n(adsbygoogle = window.adsbygoogle || []).push({}); \n<\/script>\n<\/div>\n<p><strong>Associations<\/strong><\/p>\n<p>Entraide et abonnement<\/p>\n<p><strong>Dossier<\/strong><\/p>\n<p>Les Listes \u00e9lectorales<\/p>\n<p>par Pascal Vidal<\/p>\n<p><strong>Actualit\u00e9<\/strong><\/p>\n<p>Christophe Castaner<\/p>\n<p>par Luc Antonini<\/p>\n<p><strong>Histoire<\/strong><\/p>\n<p>Histoire de poilus<\/p>\n<p>par Jean-Claude Frolich<\/p>\n<p><strong>Enigme G\u00e9n\u00e9alogique<\/strong><\/p>\n<p>L\u2019Enigme du mois de d\u00e9cembre<\/p>\n<p><strong>Personnalit\u00e9s<\/strong><\/p>\n<p>Nagui<\/p>\n<p>par Luc Antonini<\/p>\n<p><strong>Catalogue du g\u00e9n\u00e9alogiste 2019<\/strong><\/p>\n<p><strong>Hommage Personnalit\u00e9s<\/strong><\/p>\n<p>Charles Azanavour<\/p>\n<p>Philippe Gildas<\/p>\n<p>par Luc Antonini<\/p>\n<p><strong>Internet<\/strong><\/p>\n<p>Archives en ligne<\/p>\n<p>par Gilles Pr\u00e9vost<\/p>\n<p><strong>Logiciel<\/strong><\/p>\n<p>G\u00e9n\u00e9atique 2019<\/p>\n<p>par Gilles Pr\u00e9vost<\/p>\n<p><strong>Saga<\/strong><\/p>\n<p>Les darroze<\/p>\n<p>par Luc Antonini<\/p>\n<p><strong>Tout les ressources g\u00e9n\u00e9alogiques<\/strong><\/p>\n<p>Recherches g\u00e9n\u00e9alogiques en Russie<\/p>\n<p><strong>M\u00e9tiers<\/strong><\/p>\n<p>Les journaliers<\/p>\n<p>par Patrick Vigneron<\/p>\n<p><strong>La feuille du d\u00e9butant<\/strong><\/p>\n<p>Les archives judicaires<\/p>\n<p>par Francis Christian<\/p>\n<p><strong>En librairie<\/strong><\/p>\n<p><strong>Les Professionnels<\/strong><\/p>\n<div id=\"anniv-100963498\" class=\"anniv-apres anniv-entity-placement\"><script async src=\"\/\/pagead2.googlesyndication.com\/pagead\/js\/adsbygoogle.js?client=ca-pub-8639961027790050\" crossorigin=\"anonymous\"><\/script><ins class=\"adsbygoogle\" style=\"display:block;\" data-ad-client=\"ca-pub-8639961027790050\" \ndata-ad-slot=\"5451536801\" \ndata-ad-format=\"auto\"><\/ins>\n<script> \n(adsbygoogle = window.adsbygoogle || []).push({}); \n<\/script>\n<\/div>","protected":false},"excerpt":{"rendered":"<p>Dossier les Listes \u00e9lectorales, g\u00e9n\u00e9alogies de Christophe Castaner, Nagui, Charles Azanavour et Philippe Gildas, Saga Les Darroze, etc&#8230;<\/p>\n","protected":false},"featured_media":591,"comment_status":"open","ping_status":"closed","template":"","meta":[],"product_brand":[],"product_cat":[767],"product_tag":[176,177,178,179,180],"class_list":{"0":"post-824","1":"product","2":"type-product","3":"status-publish","4":"has-post-thumbnail","6":"product_cat-genealogie-magazine-version-numerique","7":"product_tag-charles-azanavour","8":"product_tag-christophe-castaner","9":"product_tag-darroze","10":"product_tag-nagui","11":"product_tag-philippe-gildas","13":"first","14":"instock","15":"downloadable","16":"virtual","17":"purchasable","18":"product-type-simple"},"_links":{"self":[{"href":"https:\/\/www.boutique.genealogiemagazine.com\/wp-json\/wp\/v2\/product\/824","targetHints":{"allow":["GET"]}}],"collection":[{"href":"https:\/\/www.boutique.genealogiemagazine.com\/wp-json\/wp\/v2\/product"}],"about":[{"href":"https:\/\/www.boutique.genealogiemagazine.com\/wp-json\/wp\/v2\/types\/product"}],"replies":[{"embeddable":true,"href":"https:\/\/www.boutique.genealogiemagazine.com\/wp-json\/wp\/v2\/comments?post=824"}],"wp:featuredmedia":[{"embeddable":true,"href":"https:\/\/www.boutique.genealogiemagazine.com\/wp-json\/wp\/v2\/media\/591"}],"wp:attachment":[{"href":"https:\/\/www.boutique.genealogiemagazine.com\/wp-json\/wp\/v2\/media?parent=824"}],"wp:term":[{"taxonomy":"product_brand","embeddable":true,"href":"https:\/\/www.boutique.genealogiemagazine.com\/wp-json\/wp\/v2\/product_brand?post=824"},{"taxonomy":"product_cat","embeddable":true,"href":"https:\/\/www.boutique.genealogiemagazine.com\/wp-json\/wp\/v2\/product_cat?post=824"},{"taxonomy":"product_tag","embeddable":true,"href":"https:\/\/www.boutique.genealogiemagazine.com\/wp-json\/wp\/v2\/product_tag?post=824"}],"curies":[{"name":"wp","href":"https:\/\/api.w.org\/{rel}","templated":true}]}}