{"id":827,"date":"2024-05-28T18:10:40","date_gmt":"2024-05-28T16:10:40","guid":{"rendered":"https:\/\/www.boutique.genealogiemagazine.com\/?post_type=product&#038;p=827"},"modified":"2024-05-28T18:10:46","modified_gmt":"2024-05-28T16:10:46","slug":"genealogie-magazine-n-367-368","status":"publish","type":"product","link":"https:\/\/www.boutique.genealogiemagazine.com\/index.php\/produit\/genealogie-magazine-n-367-368\/","title":{"rendered":"G\u00e9n\u00e9alogie Magazine n\u00b0 367-368"},"content":{"rendered":"<p><strong>Actualit\u00e9s<\/strong><\/p><div id=\"anniv-1609837160\" class=\"anniv-contenu anniv-entity-placement\"><script async src=\"\/\/pagead2.googlesyndication.com\/pagead\/js\/adsbygoogle.js?client=ca-pub-8639961027790050\" crossorigin=\"anonymous\"><\/script><ins class=\"adsbygoogle\" style=\"display:block;\" data-ad-client=\"ca-pub-8639961027790050\" \ndata-ad-slot=\"5451536801\" \ndata-ad-format=\"auto\"><\/ins>\n<script> \n(adsbygoogle = window.adsbygoogle || []).push({}); \n<\/script>\n<\/div>\n<p><strong>Associations<\/strong><br \/>\nEntraide et abonnement<\/p>\n<p><strong>\u00a0Dossier<\/strong><br \/>\nLes registres de catholicit\u00e9<br \/>\npar Christian Friedrich<\/p>\n<p><strong>\u00a0Noms de famille<\/strong><br \/>\nLe Poitevin<br \/>\npar Julien Lepoittevin<\/p>\n<p><strong>\u00a0Histoire<\/strong><br \/>\nDes Donnadieu \u00e0 Duras et \u00e0 d\u2019autres<br \/>\npar Philippe Goaillard<\/p>\n<p><strong>\u00a0Personnalit\u00e9s<\/strong><br \/>\nJean Paul Gaultier<br \/>\npar Luc Antonini<\/p>\n<p><strong>\u00a0Histoire<\/strong><br \/>\nLa lettre d\u2019adieu d\u2019un poilu trouv\u00e9 par<br \/>\nla police de Marseille<\/p>\n<p><strong>Hommage Personnalit\u00e9s<\/strong><br \/>\nPaul Bocuse<br \/>\nJean Claude Latt\u00e8s<br \/>\npar Luc Antonini<\/p>\n<p><strong>Enigme G\u00e9n\u00e9alogique<\/strong><br \/>\nL\u2019Enigme du mois de mars<\/p>\n<p><strong>\u00a0Saga<\/strong><br \/>\nLa famille Guichard<br \/>\npar Luc Antonini<\/p>\n<p><strong>\u00a0M\u00e9tiers<\/strong><br \/>\nLes peigneurs de laine<br \/>\npar Patrick Vigneron<\/p>\n<p><strong>En librairie<\/strong><\/p>\n<p><strong>la feuille du d\u00e9butant<\/strong><br \/>\nLes Archives communales<br \/>\npar Francis Christian<\/p>\n<p><strong>\u00a0Les Professionnels<\/strong><\/p>\n<div id=\"anniv-1883646138\" class=\"anniv-apres anniv-entity-placement\"><script async src=\"\/\/pagead2.googlesyndication.com\/pagead\/js\/adsbygoogle.js?client=ca-pub-8639961027790050\" crossorigin=\"anonymous\"><\/script><ins class=\"adsbygoogle\" style=\"display:block;\" data-ad-client=\"ca-pub-8639961027790050\" \ndata-ad-slot=\"5451536801\" \ndata-ad-format=\"auto\"><\/ins>\n<script> \n(adsbygoogle = window.adsbygoogle || []).push({}); \n<\/script>\n<\/div>","protected":false},"excerpt":{"rendered":"<p>Les registres de catholicit\u00e9, les g\u00e9n\u00e9alogies de Jean Paul Gaultier, Paul Bocuse et Jean Claude Latt\u00e8s, saga \u00a0La famille Guichard, etc..<\/p>\n","protected":false},"featured_media":594,"comment_status":"open","ping_status":"closed","template":"","meta":[],"product_brand":[],"product_cat":[767],"product_tag":[188,189,190,191],"class_list":{"0":"post-827","1":"product","2":"type-product","3":"status-publish","4":"has-post-thumbnail","6":"product_cat-genealogie-magazine-version-numerique","7":"product_tag-guichard","8":"product_tag-jean-claude-lattes","9":"product_tag-jean-paul-gaultier","10":"product_tag-paul-bocuse","12":"first","13":"instock","14":"downloadable","15":"virtual","16":"purchasable","17":"product-type-simple"},"_links":{"self":[{"href":"https:\/\/www.boutique.genealogiemagazine.com\/index.php\/wp-json\/wp\/v2\/product\/827","targetHints":{"allow":["GET"]}}],"collection":[{"href":"https:\/\/www.boutique.genealogiemagazine.com\/index.php\/wp-json\/wp\/v2\/product"}],"about":[{"href":"https:\/\/www.boutique.genealogiemagazine.com\/index.php\/wp-json\/wp\/v2\/types\/product"}],"replies":[{"embeddable":true,"href":"https:\/\/www.boutique.genealogiemagazine.com\/index.php\/wp-json\/wp\/v2\/comments?post=827"}],"wp:featuredmedia":[{"embeddable":true,"href":"https:\/\/www.boutique.genealogiemagazine.com\/index.php\/wp-json\/wp\/v2\/media\/594"}],"wp:attachment":[{"href":"https:\/\/www.boutique.genealogiemagazine.com\/index.php\/wp-json\/wp\/v2\/media?parent=827"}],"wp:term":[{"taxonomy":"product_brand","embeddable":true,"href":"https:\/\/www.boutique.genealogiemagazine.com\/index.php\/wp-json\/wp\/v2\/product_brand?post=827"},{"taxonomy":"product_cat","embeddable":true,"href":"https:\/\/www.boutique.genealogiemagazine.com\/index.php\/wp-json\/wp\/v2\/product_cat?post=827"},{"taxonomy":"product_tag","embeddable":true,"href":"https:\/\/www.boutique.genealogiemagazine.com\/index.php\/wp-json\/wp\/v2\/product_tag?post=827"}],"curies":[{"name":"wp","href":"https:\/\/api.w.org\/{rel}","templated":true}]}}