{"id":832,"date":"2024-05-28T18:10:41","date_gmt":"2024-05-28T16:10:41","guid":{"rendered":"https:\/\/www.boutique.genealogiemagazine.com\/?post_type=product&#038;p=832"},"modified":"2024-05-28T18:10:47","modified_gmt":"2024-05-28T16:10:47","slug":"genealogie-magazine-n-288","status":"publish","type":"product","link":"https:\/\/www.boutique.genealogiemagazine.com\/index.php\/produit\/genealogie-magazine-n-288\/","title":{"rendered":"G\u00e9n\u00e9alogie Magazine N\u00b0 288"},"content":{"rendered":"<p>\u00c9ditorial<\/p><div id=\"anniv-652257892\" class=\"anniv-contenu anniv-entity-placement\"><script async src=\"\/\/pagead2.googlesyndication.com\/pagead\/js\/adsbygoogle.js?client=ca-pub-8639961027790050\" crossorigin=\"anonymous\"><\/script><ins class=\"adsbygoogle\" style=\"display:block;\" data-ad-client=\"ca-pub-8639961027790050\" \ndata-ad-slot=\"5451536801\" \ndata-ad-format=\"auto\"><\/ins>\n<script> \n(adsbygoogle = window.adsbygoogle || []).push({}); \n<\/script>\n<\/div>\n<p><strong>Actualit\u00e9, g\u00e9n\u00e9alogie et patrimoine : <\/strong><\/p>\n<p>La derni\u00e8re page du testament politique de Louis XVI<\/p>\n<p>acquise par un collectionneur fran\u00e7ais<\/p>\n<p><strong>DOSSIER :<\/strong><\/p>\n<p>Les sans-culottes et le bas-bleu<\/p>\n<p><em>par Philippe de Montjouvent<\/em><\/p>\n<p><strong>Les archives d\u00e9partementales d&rsquo;Indre-et-Loire <\/strong><\/p>\n<p><em>par Myriam Provence<\/em><\/p>\n<p><strong>Pal\u00e9ographie : <\/strong>Le testament de M.-C. Zamet (4e partie)<\/p>\n<p><em>par St\u00e9phane Cosson<\/em><\/p>\n<p><strong>Saga familiale : <\/strong>La saga des Gradis<\/p>\n<p><em>par Luc Antonini<\/em><\/p>\n<p><strong>Lectures d&rsquo;enfants : <\/strong>L&rsquo;art \u00e0 la port\u00e9e des petites mains<\/p>\n<p><em>par Philippe de Montjouvent<\/em><\/p>\n<p><strong>Personnalit\u00e9s : <\/strong>Les Mitterrand<\/p>\n<p><em>par Luc Antonini<\/em><\/p>\n<p><strong>H\u00e9raldique : <\/strong>La g\u00e9n\u00e9alogie dans l&rsquo;H\u00e9raldique (5) :<\/p>\n<p>Le lignage simplifi\u00e9<\/p>\n<p><em>par Arnaud Bunel<\/em><\/p>\n<p><strong>Nos chers albums : <\/strong>La famille Couchot<\/p>\n<p><strong>Faire parler les documents : <\/strong>L&rsquo;Am\u00e9rique ! L&rsquo;Am\u00e9rique !<\/p>\n<p><em>par J\u00e9r\u00f4me Malhache<\/em><\/p>\n<p><strong>Les lectures de Gilles Henry <\/strong><\/p>\n<p><em>par Gilles Henry<\/em><\/p>\n<p><strong>Internet : <\/strong>Les Services + de Plan\u00e8te G\u00e9n\u00e9alogie<\/p>\n<p><em>par Gilles Pr\u00e9vost<\/em><\/p>\n<p><strong>Logiciel : <\/strong>La version 2 de Studio-Scrap<\/p>\n<p><em>par Gilles Pr\u00e9vost<\/em><\/p>\n<p><strong>Le magazine des r\u00e9gions <\/strong><\/p>\n<p><strong>La fiche du d\u00e9butant : <\/strong>Les familles juives<\/p>\n<p><strong>Les Professionnels <\/strong><\/p>\n<div id=\"anniv-680262288\" class=\"anniv-apres anniv-entity-placement\"><script async src=\"\/\/pagead2.googlesyndication.com\/pagead\/js\/adsbygoogle.js?client=ca-pub-8639961027790050\" crossorigin=\"anonymous\"><\/script><ins class=\"adsbygoogle\" style=\"display:block;\" data-ad-client=\"ca-pub-8639961027790050\" \ndata-ad-slot=\"5451536801\" \ndata-ad-format=\"auto\"><\/ins>\n<script> \n(adsbygoogle = window.adsbygoogle || []).push({}); \n<\/script>\n<\/div>","protected":false},"excerpt":{"rendered":"<p>\u00c9ditorial Actualit\u00e9, g\u00e9n\u00e9alogie et patrimoine : La derni\u00e8re page du testament politique de Louis XVI acquise par un collectionneur fran\u00e7ais DOSSIER : Les sans-culottes et le bas-bleu par Philippe de Montjouvent<\/p>\n","protected":false},"featured_media":607,"comment_status":"open","ping_status":"closed","template":"","meta":[],"product_brand":[],"product_cat":[767],"product_tag":[201,202],"class_list":{"0":"post-832","1":"product","2":"type-product","3":"status-publish","4":"has-post-thumbnail","6":"product_cat-genealogie-magazine-version-numerique","7":"product_tag-gradis","8":"product_tag-mitterrand","10":"first","11":"instock","12":"downloadable","13":"virtual","14":"purchasable","15":"product-type-simple"},"_links":{"self":[{"href":"https:\/\/www.boutique.genealogiemagazine.com\/index.php\/wp-json\/wp\/v2\/product\/832","targetHints":{"allow":["GET"]}}],"collection":[{"href":"https:\/\/www.boutique.genealogiemagazine.com\/index.php\/wp-json\/wp\/v2\/product"}],"about":[{"href":"https:\/\/www.boutique.genealogiemagazine.com\/index.php\/wp-json\/wp\/v2\/types\/product"}],"replies":[{"embeddable":true,"href":"https:\/\/www.boutique.genealogiemagazine.com\/index.php\/wp-json\/wp\/v2\/comments?post=832"}],"wp:featuredmedia":[{"embeddable":true,"href":"https:\/\/www.boutique.genealogiemagazine.com\/index.php\/wp-json\/wp\/v2\/media\/607"}],"wp:attachment":[{"href":"https:\/\/www.boutique.genealogiemagazine.com\/index.php\/wp-json\/wp\/v2\/media?parent=832"}],"wp:term":[{"taxonomy":"product_brand","embeddable":true,"href":"https:\/\/www.boutique.genealogiemagazine.com\/index.php\/wp-json\/wp\/v2\/product_brand?post=832"},{"taxonomy":"product_cat","embeddable":true,"href":"https:\/\/www.boutique.genealogiemagazine.com\/index.php\/wp-json\/wp\/v2\/product_cat?post=832"},{"taxonomy":"product_tag","embeddable":true,"href":"https:\/\/www.boutique.genealogiemagazine.com\/index.php\/wp-json\/wp\/v2\/product_tag?post=832"}],"curies":[{"name":"wp","href":"https:\/\/api.w.org\/{rel}","templated":true}]}}