{"id":839,"date":"2024-05-28T18:10:50","date_gmt":"2024-05-28T16:10:50","guid":{"rendered":"https:\/\/www.boutique.genealogiemagazine.com\/?post_type=product&#038;p=839"},"modified":"2024-05-28T18:10:53","modified_gmt":"2024-05-28T16:10:53","slug":"genealogie-magazine-n-285","status":"publish","type":"product","link":"https:\/\/www.boutique.genealogiemagazine.com\/index.php\/produit\/genealogie-magazine-n-285\/","title":{"rendered":"G\u00e9n\u00e9alogie Magazine n\u00b0 285"},"content":{"rendered":"<p>La v\u00e9ritable Laura Ingalls Personalit\u00e9s Christophe Ma\u00e9, Saga familiales La saga des Melerio, joailliers de prestige<\/p><div id=\"anniv-1142176858\" class=\"anniv-contenu anniv-entity-placement\"><script async src=\"\/\/pagead2.googlesyndication.com\/pagead\/js\/adsbygoogle.js?client=ca-pub-8639961027790050\" crossorigin=\"anonymous\"><\/script><ins class=\"adsbygoogle\" style=\"display:block;\" data-ad-client=\"ca-pub-8639961027790050\" \ndata-ad-slot=\"5451536801\" \ndata-ad-format=\"auto\"><\/ins>\n<script> \n(adsbygoogle = window.adsbygoogle || []).push({}); \n<\/script>\n<\/div>\n<div id=\"anniv-2285461055\" class=\"anniv-apres anniv-entity-placement\"><script async src=\"\/\/pagead2.googlesyndication.com\/pagead\/js\/adsbygoogle.js?client=ca-pub-8639961027790050\" crossorigin=\"anonymous\"><\/script><ins class=\"adsbygoogle\" style=\"display:block;\" data-ad-client=\"ca-pub-8639961027790050\" \ndata-ad-slot=\"5451536801\" \ndata-ad-format=\"auto\"><\/ins>\n<script> \n(adsbygoogle = window.adsbygoogle || []).push({}); \n<\/script>\n<\/div>","protected":false},"excerpt":{"rendered":"<p>La v\u00e9ritable Laura Ingalls Personalit\u00e9s Christophe Ma\u00e9, Saga familiales La saga des Melerio, joailliers de prestige<\/p>\n","protected":false},"featured_media":622,"comment_status":"open","ping_status":"closed","template":"","meta":[],"product_brand":[],"product_cat":[767],"product_tag":[215,216,217],"class_list":{"0":"post-839","1":"product","2":"type-product","3":"status-publish","4":"has-post-thumbnail","6":"product_cat-genealogie-magazine-version-numerique","7":"product_tag-christophe-mae","8":"product_tag-laura-ingalls","9":"product_tag-melerio","11":"first","12":"instock","13":"downloadable","14":"virtual","15":"purchasable","16":"product-type-simple"},"_links":{"self":[{"href":"https:\/\/www.boutique.genealogiemagazine.com\/index.php\/wp-json\/wp\/v2\/product\/839","targetHints":{"allow":["GET"]}}],"collection":[{"href":"https:\/\/www.boutique.genealogiemagazine.com\/index.php\/wp-json\/wp\/v2\/product"}],"about":[{"href":"https:\/\/www.boutique.genealogiemagazine.com\/index.php\/wp-json\/wp\/v2\/types\/product"}],"replies":[{"embeddable":true,"href":"https:\/\/www.boutique.genealogiemagazine.com\/index.php\/wp-json\/wp\/v2\/comments?post=839"}],"wp:featuredmedia":[{"embeddable":true,"href":"https:\/\/www.boutique.genealogiemagazine.com\/index.php\/wp-json\/wp\/v2\/media\/622"}],"wp:attachment":[{"href":"https:\/\/www.boutique.genealogiemagazine.com\/index.php\/wp-json\/wp\/v2\/media?parent=839"}],"wp:term":[{"taxonomy":"product_brand","embeddable":true,"href":"https:\/\/www.boutique.genealogiemagazine.com\/index.php\/wp-json\/wp\/v2\/product_brand?post=839"},{"taxonomy":"product_cat","embeddable":true,"href":"https:\/\/www.boutique.genealogiemagazine.com\/index.php\/wp-json\/wp\/v2\/product_cat?post=839"},{"taxonomy":"product_tag","embeddable":true,"href":"https:\/\/www.boutique.genealogiemagazine.com\/index.php\/wp-json\/wp\/v2\/product_tag?post=839"}],"curies":[{"name":"wp","href":"https:\/\/api.w.org\/{rel}","templated":true}]}}