{"id":840,"date":"2024-05-28T18:10:50","date_gmt":"2024-05-28T16:10:50","guid":{"rendered":"https:\/\/www.boutique.genealogiemagazine.com\/?post_type=product&#038;p=840"},"modified":"2024-05-28T18:10:53","modified_gmt":"2024-05-28T16:10:53","slug":"genealogie-magazine-n-284","status":"publish","type":"product","link":"https:\/\/www.boutique.genealogiemagazine.com\/index.php\/produit\/genealogie-magazine-n-284\/","title":{"rendered":"G\u00e9n\u00e9alogie Magazine n\u00b0 284"},"content":{"rendered":"<p>\u00c9dito<\/p><div id=\"anniv-569010517\" class=\"anniv-contenu anniv-entity-placement\"><script async src=\"\/\/pagead2.googlesyndication.com\/pagead\/js\/adsbygoogle.js?client=ca-pub-8639961027790050\" crossorigin=\"anonymous\"><\/script><ins class=\"adsbygoogle\" style=\"display:block;\" data-ad-client=\"ca-pub-8639961027790050\" \ndata-ad-slot=\"5451536801\" \ndata-ad-format=\"auto\"><\/ins>\n<script> \n(adsbygoogle = window.adsbygoogle || []).push({}); \n<\/script>\n<\/div>\n<p><strong>Actualit\u00e9 g\u00e9n\u00e9alogique : <\/strong><\/p>\n<p>Civis M\u00e9moria, la m\u00e9moire des hommes conserv\u00e9e<\/p>\n<p><strong>Les lectures de Gilles Henry<\/strong><\/p>\n<p><em>par Gilles Henry <\/em><\/p>\n<p><strong>DOSSIER :<\/strong><\/p>\n<p>L&rsquo;arbre g\u00e9n\u00e9alogique \u00e0 travers l&rsquo;histoire<\/p>\n<p><em>entretien avec Marc-\u00c9douard Gautier<\/em><\/p>\n<p>L&rsquo;arbre des rois de France de 1583<\/p>\n<p><em>par Marc-\u00c9douard Gautier<\/em><\/p>\n<p><strong>Les archives d\u00e9partementales de la Manche <\/strong><\/p>\n<p><em>par Myriam Provence<\/em><\/p>\n<p><strong>La v\u00e9ritable Laura Ingalls (partie 2)<\/strong><\/p>\n<p><em>par Philippe de Montjouvent<\/em><\/p>\n<p><strong>Pal\u00e9ographie : <\/strong>les items<\/p>\n<p><em>par St\u00e9phane Cosson <\/em><\/p>\n<p><strong>Outils d&rsquo;Histoire : <\/strong>sp\u00e9cial beaux livres<\/p>\n<p><em>par Philippe de Montjouvent<\/em><\/p>\n<p><strong>Personnalit\u00e9 : <\/strong>Barack Obama<\/p>\n<p><em>par Luc Antonini <\/em><\/p>\n<p><strong>Personnalit\u00e9 : <\/strong>Ariane Ascaride<\/p>\n<p><em>par Luc Antonini <\/em><\/p>\n<p><strong>H\u00e9raldique : <\/strong>la g\u00e9n\u00e9alogie dans l&rsquo;h\u00e9raldique (1)<\/p>\n<p><em>par Arnaud Bunel <\/em><\/p>\n<p><strong>Faire parler les documents : <\/strong>un cas pas forc\u00e9ment pratique (2)<\/p>\n<p><em>par J\u00e9r\u00f4me Malhache <\/em><\/p>\n<p><strong>Internet : <\/strong>Num\u00e9risation AD75 &#8211; M\u00e9moire des hommes<\/p>\n<p><em>par Gilles Pr\u00e9vost\u00a0<\/em><\/p>\n<p><strong>Logiciel : <\/strong>la Descendance Cap\u00e9tienne<\/p>\n<p><em>par Gilles Pr\u00e9vost <\/em><\/p>\n<p><strong>Le magazine des r\u00e9gions <\/strong><\/p>\n<p><strong>G\u00e9n\u00e9alogie interactive : <\/strong>Questions &#8211; R\u00e9ponses<\/p>\n<p><strong>La fiche du d\u00e9butant : <\/strong>Les enfants abandonn\u00e9s<\/p>\n<p><strong>Les Professionnels <\/strong><\/p>\n<div id=\"anniv-2775774911\" class=\"anniv-apres anniv-entity-placement\"><script async src=\"\/\/pagead2.googlesyndication.com\/pagead\/js\/adsbygoogle.js?client=ca-pub-8639961027790050\" crossorigin=\"anonymous\"><\/script><ins class=\"adsbygoogle\" style=\"display:block;\" data-ad-client=\"ca-pub-8639961027790050\" \ndata-ad-slot=\"5451536801\" \ndata-ad-format=\"auto\"><\/ins>\n<script> \n(adsbygoogle = window.adsbygoogle || []).push({}); \n<\/script>\n<\/div>","protected":false},"excerpt":{"rendered":"<p>ACTUALIT\u00c9 G\u00c9N\u00c9ALOGIQUE Personnalit\u00e9 : Barack Obama par Luc Antonini\u00a0 Personnalit\u00e9 : Ariane Ascaride par Luc Antonini<\/p>\n","protected":false},"featured_media":623,"comment_status":"open","ping_status":"closed","template":"","meta":[],"product_brand":[],"product_cat":[767],"product_tag":[218,216],"class_list":{"0":"post-840","1":"product","2":"type-product","3":"status-publish","4":"has-post-thumbnail","6":"product_cat-genealogie-magazine-version-numerique","7":"product_tag-barack-obama","8":"product_tag-laura-ingalls","10":"first","11":"instock","12":"downloadable","13":"virtual","14":"purchasable","15":"product-type-simple"},"_links":{"self":[{"href":"https:\/\/www.boutique.genealogiemagazine.com\/index.php\/wp-json\/wp\/v2\/product\/840","targetHints":{"allow":["GET"]}}],"collection":[{"href":"https:\/\/www.boutique.genealogiemagazine.com\/index.php\/wp-json\/wp\/v2\/product"}],"about":[{"href":"https:\/\/www.boutique.genealogiemagazine.com\/index.php\/wp-json\/wp\/v2\/types\/product"}],"replies":[{"embeddable":true,"href":"https:\/\/www.boutique.genealogiemagazine.com\/index.php\/wp-json\/wp\/v2\/comments?post=840"}],"wp:featuredmedia":[{"embeddable":true,"href":"https:\/\/www.boutique.genealogiemagazine.com\/index.php\/wp-json\/wp\/v2\/media\/623"}],"wp:attachment":[{"href":"https:\/\/www.boutique.genealogiemagazine.com\/index.php\/wp-json\/wp\/v2\/media?parent=840"}],"wp:term":[{"taxonomy":"product_brand","embeddable":true,"href":"https:\/\/www.boutique.genealogiemagazine.com\/index.php\/wp-json\/wp\/v2\/product_brand?post=840"},{"taxonomy":"product_cat","embeddable":true,"href":"https:\/\/www.boutique.genealogiemagazine.com\/index.php\/wp-json\/wp\/v2\/product_cat?post=840"},{"taxonomy":"product_tag","embeddable":true,"href":"https:\/\/www.boutique.genealogiemagazine.com\/index.php\/wp-json\/wp\/v2\/product_tag?post=840"}],"curies":[{"name":"wp","href":"https:\/\/api.w.org\/{rel}","templated":true}]}}