{"id":931,"date":"2024-05-28T18:11:25","date_gmt":"2024-05-28T16:11:25","guid":{"rendered":"https:\/\/www.boutique.genealogiemagazine.com\/?post_type=product&#038;p=931"},"modified":"2024-05-28T18:11:30","modified_gmt":"2024-05-28T16:11:30","slug":"genealogie-magazine-n-389","status":"publish","type":"product","link":"https:\/\/www.boutique.genealogiemagazine.com\/index.php\/produit\/genealogie-magazine-n-389\/","title":{"rendered":"G\u00e9n\u00e9alogie Magazine n\u00b0 389"},"content":{"rendered":"<p><strong>Actualit\u00e9s<\/strong><br \/>\n<strong>Associations<\/strong><br \/>\nEntraide et abonnement<br \/>\n<strong>Dossier<\/strong><br \/>\nS\u2019initier \u00e0 l\u2019H\u00e9raldique<br \/>\npar Francis Christian et Alain Dusser<br \/>\n<strong>Personnalit\u00e9s<\/strong><br \/>\nAmandine Petit<br \/>\npar Mathieu Delaunay<br \/>\n<strong>Hommage Personnalit\u00e9s<\/strong><br \/>\nCatherine Renaudin<br \/>\nGeorges Pernoud<br \/>\nJean Claude Carri\u00e8re<br \/>\npar Mathieu Delaunay<br \/>\nCatalogue du g\u00e9n\u00e9alogiste 2021<br \/>\n<strong>Histoire<\/strong><br \/>\nLibrairie Gibert<br \/>\npar Mathieu Delaunay<br \/>\n<strong>Saga<\/strong><br \/>\nLa famille de Fun\u00e8s<br \/>\npar Mathieu Delaunay<br \/>\n<strong>M\u00e9tiers<\/strong><br \/>\nLe Bourreau<br \/>\npar Patrick Vigneron<br \/>\n<strong>En librairie<\/strong><br \/>\n<strong>Les Professionnels<\/strong><\/p><div id=\"anniv-2457543317\" class=\"anniv-contenu anniv-entity-placement\"><script async src=\"\/\/pagead2.googlesyndication.com\/pagead\/js\/adsbygoogle.js?client=ca-pub-8639961027790050\" crossorigin=\"anonymous\"><\/script><ins class=\"adsbygoogle\" style=\"display:block;\" data-ad-client=\"ca-pub-8639961027790050\" \ndata-ad-slot=\"5451536801\" \ndata-ad-format=\"auto\"><\/ins>\n<script> \n(adsbygoogle = window.adsbygoogle || []).push({}); \n<\/script>\n<\/div>\n<div id=\"anniv-1476401733\" class=\"anniv-apres anniv-entity-placement\"><script async src=\"\/\/pagead2.googlesyndication.com\/pagead\/js\/adsbygoogle.js?client=ca-pub-8639961027790050\" crossorigin=\"anonymous\"><\/script><ins class=\"adsbygoogle\" style=\"display:block;\" data-ad-client=\"ca-pub-8639961027790050\" \ndata-ad-slot=\"5451536801\" \ndata-ad-format=\"auto\"><\/ins>\n<script> \n(adsbygoogle = window.adsbygoogle || []).push({}); \n<\/script>\n<\/div>","protected":false},"excerpt":{"rendered":"<p>S\u2019initier \u00e0 l\u2019H\u00e9raldique,\u00a0 g\u00e9n\u00e9alogies d&rsquo;Amandine Petit, Catherine Renaudin, Georges Pernoud et Jean Claude Carri\u00e8re, Librairie Gibert, La famille de Fun\u00e8s et Le Bourreau.<\/p>\n","protected":false},"featured_media":961,"comment_status":"open","ping_status":"closed","template":"","meta":[],"product_brand":[],"product_cat":[767],"product_tag":[471,472,473,474,475,476,477,478],"class_list":{"0":"post-931","1":"product","2":"type-product","3":"status-publish","4":"has-post-thumbnail","6":"product_cat-genealogie-magazine-version-numerique","7":"product_tag-amandine-petit","8":"product_tag-catherine-renaudin","9":"product_tag-georges-pernoud","10":"product_tag-jean-claude-carriere","11":"product_tag-la-famille-de-funes","12":"product_tag-le-bourreau","13":"product_tag-librairie-gibert","14":"product_tag-sinitier-a-lheraldique","16":"first","17":"instock","18":"downloadable","19":"virtual","20":"purchasable","21":"product-type-simple"},"_links":{"self":[{"href":"https:\/\/www.boutique.genealogiemagazine.com\/index.php\/wp-json\/wp\/v2\/product\/931","targetHints":{"allow":["GET"]}}],"collection":[{"href":"https:\/\/www.boutique.genealogiemagazine.com\/index.php\/wp-json\/wp\/v2\/product"}],"about":[{"href":"https:\/\/www.boutique.genealogiemagazine.com\/index.php\/wp-json\/wp\/v2\/types\/product"}],"replies":[{"embeddable":true,"href":"https:\/\/www.boutique.genealogiemagazine.com\/index.php\/wp-json\/wp\/v2\/comments?post=931"}],"wp:featuredmedia":[{"embeddable":true,"href":"https:\/\/www.boutique.genealogiemagazine.com\/index.php\/wp-json\/wp\/v2\/media\/961"}],"wp:attachment":[{"href":"https:\/\/www.boutique.genealogiemagazine.com\/index.php\/wp-json\/wp\/v2\/media?parent=931"}],"wp:term":[{"taxonomy":"product_brand","embeddable":true,"href":"https:\/\/www.boutique.genealogiemagazine.com\/index.php\/wp-json\/wp\/v2\/product_brand?post=931"},{"taxonomy":"product_cat","embeddable":true,"href":"https:\/\/www.boutique.genealogiemagazine.com\/index.php\/wp-json\/wp\/v2\/product_cat?post=931"},{"taxonomy":"product_tag","embeddable":true,"href":"https:\/\/www.boutique.genealogiemagazine.com\/index.php\/wp-json\/wp\/v2\/product_tag?post=931"}],"curies":[{"name":"wp","href":"https:\/\/api.w.org\/{rel}","templated":true}]}}