{"id":956,"date":"2024-05-28T18:11:27","date_gmt":"2024-05-28T16:11:27","guid":{"rendered":"https:\/\/www.boutique.genealogiemagazine.com\/?post_type=product&#038;p=956"},"modified":"2024-05-28T18:11:57","modified_gmt":"2024-05-28T16:11:57","slug":"histoire-societes-n-094-version-numerique","status":"publish","type":"product","link":"https:\/\/www.boutique.genealogiemagazine.com\/index.php\/produit\/histoire-societes-n-094-version-numerique\/","title":{"rendered":"Histoire &#038; Soci\u00e9t\u00e9s N\u00b0 094 &#8211; Version num\u00e9rique"},"content":{"rendered":"<p><em>Une lente d\u00e9couverte<\/em><\/p><div id=\"anniv-4210205257\" class=\"anniv-contenu anniv-entity-placement\"><script async src=\"\/\/pagead2.googlesyndication.com\/pagead\/js\/adsbygoogle.js?client=ca-pub-8639961027790050\" crossorigin=\"anonymous\"><\/script><ins class=\"adsbygoogle\" style=\"display:block;\" data-ad-client=\"ca-pub-8639961027790050\" \ndata-ad-slot=\"5451536801\" \ndata-ad-format=\"auto\"><\/ins>\n<script> \n(adsbygoogle = window.adsbygoogle || []).push({}); \n<\/script>\n<\/div>\n<p><strong>Les premiers Fran\u00e7ais en Afghanistan<\/strong><\/p>\n<p>Bernard Dupaigne<\/p>\n<p><em>\u00c0 la gloire de la France<\/em><\/p>\n<p><strong>L&rsquo;armorial de la galerie des Croisades \u00e0 Versailles<\/strong><\/p>\n<p>Philippe Lamarque<\/p>\n<p>L&rsquo;escroquerie du cabinet Courtois<\/p>\n<p><em>La fin des Pomar\u00e9<\/em><\/p>\n<p><strong>Quand Tahiti devint fran\u00e7aise<\/strong><\/p>\n<p>Madeleine Aubert<\/p>\n<p><em>Anniversaire<\/em><\/p>\n<p><strong>29 et 30 janvier 1853<\/strong><\/p>\n<p><strong>Napol\u00e9on III \u00e9pouse \u00e9ug\u00e9nie de Montijo<\/strong><\/p>\n<p>Philippe de Montjouvent<\/p>\n<p><em>Lieux d&rsquo;histoire<\/em><\/p>\n<p><strong>La place Vend\u00f4me \u00e0 Paris et la foire Saint-Ovide<\/strong><\/p>\n<p>Philippe de Montjouvent<\/p>\n<p><em>Mus\u00e9e<\/em><\/p>\n<p><strong>La figurine historique \u00e0 Compi\u00e8gne <\/strong><\/p>\n<p><em>Feuillets d&rsquo;histoire<\/em><\/p>\n<p><em>\u00c9tat pr\u00e9sent<\/em><\/p>\n<p><strong>La famille d&rsquo;Harcourt <\/strong>(1re partie)<\/p>\n<p>Daniel Manach<\/p>\n<div id=\"anniv-1751043745\" class=\"anniv-apres anniv-entity-placement\"><script async src=\"\/\/pagead2.googlesyndication.com\/pagead\/js\/adsbygoogle.js?client=ca-pub-8639961027790050\" crossorigin=\"anonymous\"><\/script><ins class=\"adsbygoogle\" style=\"display:block;\" data-ad-client=\"ca-pub-8639961027790050\" \ndata-ad-slot=\"5451536801\" \ndata-ad-format=\"auto\"><\/ins>\n<script> \n(adsbygoogle = window.adsbygoogle || []).push({}); \n<\/script>\n<\/div>","protected":false},"excerpt":{"rendered":"<p>Les premiers Fran\u00e7ais en Afghanistan, L&rsquo;armorial de la galerie des Croisades \u00e0 Versailles, Quand Tahiti devint fran\u00e7aise, Napol\u00e9on III \u00e9pouse Eug\u00e9nie de Montijo<\/p>\n<p>&nbsp;<\/p>\n<p>&nbsp;<\/p>\n<p>&nbsp;<\/p>\n","protected":false},"featured_media":1006,"comment_status":"open","ping_status":"closed","template":"","meta":[],"product_brand":[],"product_cat":[169],"product_tag":[112,484,485,486],"class_list":{"0":"post-956","1":"product","2":"type-product","3":"status-publish","4":"has-post-thumbnail","6":"product_cat-histoire-societes-version-numerique","7":"product_tag-daniel-manach","8":"product_tag-eugenie-de-montijo","9":"product_tag-la-famille-dharcourt","10":"product_tag-napoleon-iii","12":"first","13":"instock","14":"downloadable","15":"virtual","16":"purchasable","17":"product-type-simple"},"_links":{"self":[{"href":"https:\/\/www.boutique.genealogiemagazine.com\/index.php\/wp-json\/wp\/v2\/product\/956","targetHints":{"allow":["GET"]}}],"collection":[{"href":"https:\/\/www.boutique.genealogiemagazine.com\/index.php\/wp-json\/wp\/v2\/product"}],"about":[{"href":"https:\/\/www.boutique.genealogiemagazine.com\/index.php\/wp-json\/wp\/v2\/types\/product"}],"replies":[{"embeddable":true,"href":"https:\/\/www.boutique.genealogiemagazine.com\/index.php\/wp-json\/wp\/v2\/comments?post=956"}],"wp:featuredmedia":[{"embeddable":true,"href":"https:\/\/www.boutique.genealogiemagazine.com\/index.php\/wp-json\/wp\/v2\/media\/1006"}],"wp:attachment":[{"href":"https:\/\/www.boutique.genealogiemagazine.com\/index.php\/wp-json\/wp\/v2\/media?parent=956"}],"wp:term":[{"taxonomy":"product_brand","embeddable":true,"href":"https:\/\/www.boutique.genealogiemagazine.com\/index.php\/wp-json\/wp\/v2\/product_brand?post=956"},{"taxonomy":"product_cat","embeddable":true,"href":"https:\/\/www.boutique.genealogiemagazine.com\/index.php\/wp-json\/wp\/v2\/product_cat?post=956"},{"taxonomy":"product_tag","embeddable":true,"href":"https:\/\/www.boutique.genealogiemagazine.com\/index.php\/wp-json\/wp\/v2\/product_tag?post=956"}],"curies":[{"name":"wp","href":"https:\/\/api.w.org\/{rel}","templated":true}]}}